{"id":12816,"date":"2023-04-19T12:33:01","date_gmt":"2023-04-19T10:33:01","guid":{"rendered":"https:\/\/amtest-group.com\/product\/e-flex-smt-microsystems-2\/"},"modified":"2024-10-10T13:54:56","modified_gmt":"2024-10-10T11:54:56","slug":"e-flex-smt-microsystems-2","status":"publish","type":"product","link":"https:\/\/amtest-group.com\/hu\/product\/e-flex-smt-microsystems-2\/","title":{"rendered":"e-Flex SMT Microsystems"},"content":{"rendered":"<p>Az <strong>e-Flex SMT Microsystems<\/strong> ESD magazin\u00e1llv\u00e1nyok sokoldal\u00fa megold\u00e1sk\u00e9nt t\u0171nnek ki, amelyeket a termel\u00e9si k\u00f6rnyezetek sokf\u00e9le ig\u00e9ny\u00e9nek kiel\u00e9g\u00edt\u00e9s\u00e9re terveztek.<\/p>\n<p>Alkalmazkod\u00f3k\u00e9pess\u00e9g figyelembev\u00e9tel\u00e9vel tervezt\u00e9k \u0151ket, ezek az \u00e1llv\u00e1nyok sz\u00e9les v\u00e1laszt\u00e9k\u00e1t fogadj\u00e1k el az automatikus bet\u00f6lt\u0151knek \u00e9s ki\u00fcr\u00edt\u0151knek, amelyek megfelelnek a glob\u00e1lis szabv\u00e1nyoknak.<\/p>\n","protected":false},"excerpt":{"rendered":"<p>Az e-Flex SMT Microsystems ESD magazin\u00e1llv\u00e1nyok sokoldal\u00fa megold\u00e1sk\u00e9nt t\u0171nnek ki, amelyeket a termel\u00e9si k\u00f6rnyezetek sokf\u00e9le ig\u00e9ny\u00e9nek kiel\u00e9g\u00edt\u00e9s\u00e9re terveztek. Alkalmazkod\u00f3k\u00e9pess\u00e9g figyelembev\u00e9tel\u00e9vel tervezt\u00e9k \u0151ket, ezek az \u00e1llv\u00e1nyok sz\u00e9les v\u00e1laszt\u00e9k\u00e1t fogadj\u00e1k el az automatikus bet\u00f6lt\u0151knek \u00e9s ki\u00fcr\u00edt\u0151knek, amelyek megfelelnek a glob\u00e1lis szabv\u00e1nyoknak.<\/p>\n","protected":false},"featured_media":0,"parent":0,"menu_order":0,"template":"template-product.php","meta":{"_uf_show_specific_survey":0,"_uf_disable_surveys":false},"categories":[284],"class_list":["post-12816","product","type-product","status-publish","hentry","category-pcb-magazinok"],"aioseo_notices":[],"_links":{"self":[{"href":"https:\/\/amtest-group.com\/hu\/wp-json\/wp\/v2\/product\/12816","targetHints":{"allow":["GET"]}}],"collection":[{"href":"https:\/\/amtest-group.com\/hu\/wp-json\/wp\/v2\/product"}],"about":[{"href":"https:\/\/amtest-group.com\/hu\/wp-json\/wp\/v2\/types\/product"}],"wp:attachment":[{"href":"https:\/\/amtest-group.com\/hu\/wp-json\/wp\/v2\/media?parent=12816"}],"wp:term":[{"taxonomy":"category","embeddable":true,"href":"https:\/\/amtest-group.com\/hu\/wp-json\/wp\/v2\/categories?post=12816"}],"curies":[{"name":"wp","href":"https:\/\/api.w.org\/{rel}","templated":true}]}}