{"id":12677,"date":"2023-12-26T12:31:25","date_gmt":"2023-12-26T11:31:25","guid":{"rendered":"https:\/\/amtest-group.com\/product\/fk-delvotec\/"},"modified":"2024-10-07T13:34:03","modified_gmt":"2024-10-07T11:34:03","slug":"fk-delvotec","status":"publish","type":"product","link":"https:\/\/amtest-group.com\/hu\/product\/fk-delvotec\/","title":{"rendered":"F&#038;K Delvotec"},"content":{"rendered":"<p><strong>F&amp;K DELVOTEC<\/strong> glob\u00e1lisan elhelyezked\u0151, k\u00f6zepes m\u00e9ret\u0171 technol\u00f3giai vezet\u0151 az ultrahangos \u00e9s l\u00e9zeres wire bonding rendszerek ter\u00e9n.<\/p>\n<p>Az F&amp;K DELVOTEC rugalmasan reag\u00e1l az \u00fcgyf\u00e9l ig\u00e9nyekre, \u00e9s testreszabott automatiz\u00e1l\u00e1si megold\u00e1sokat val\u00f3s\u00edt meg. A mikroelektronika, mechatronika \u00e9s a folyamatautomatiz\u00e1l\u00e1s k\u00e9pezi a technol\u00f3gi\u00e1juk alapj\u00e1t. Az F&amp;K DELVOTEC 1978-ban alakult, \u00e9s ma a Strama-MPS Maschinenbau GmbH &amp; Co. KG r\u00e9sze, amely nemzetk\u00f6zileg elismert speci\u00e1lis g\u00e9pgy\u00e1rt\u00f3.<\/p>\n","protected":false},"excerpt":{"rendered":"<p>F&amp;K DELVOTEC glob\u00e1lisan elhelyezked\u0151, k\u00f6zepes m\u00e9ret\u0171 technol\u00f3giai vezet\u0151 az ultrahangos \u00e9s l\u00e9zeres wire bonding rendszerek ter\u00e9n. Az F&amp;K DELVOTEC rugalmasan reag\u00e1l az \u00fcgyf\u00e9l ig\u00e9nyekre, \u00e9s testreszabott automatiz\u00e1l\u00e1si megold\u00e1sokat val\u00f3s\u00edt meg. A mikroelektronika, mechatronika \u00e9s a folyamatautomatiz\u00e1l\u00e1s k\u00e9pezi a technol\u00f3gi\u00e1juk alapj\u00e1t. Az F&amp;K DELVOTEC 1978-ban alakult, \u00e9s ma a Strama-MPS Maschinenbau GmbH &amp; Co. KG r\u00e9sze, [&hellip;]<\/p>\n","protected":false},"featured_media":0,"parent":0,"menu_order":0,"template":"template-product.php","meta":{"_uf_show_specific_survey":0,"_uf_disable_surveys":false},"categories":[283],"class_list":["post-12677","product","type-product","status-publish","hentry","category-wire-laser-bonding"],"aioseo_notices":[],"_links":{"self":[{"href":"https:\/\/amtest-group.com\/hu\/wp-json\/wp\/v2\/product\/12677","targetHints":{"allow":["GET"]}}],"collection":[{"href":"https:\/\/amtest-group.com\/hu\/wp-json\/wp\/v2\/product"}],"about":[{"href":"https:\/\/amtest-group.com\/hu\/wp-json\/wp\/v2\/types\/product"}],"wp:attachment":[{"href":"https:\/\/amtest-group.com\/hu\/wp-json\/wp\/v2\/media?parent=12677"}],"wp:term":[{"taxonomy":"category","embeddable":true,"href":"https:\/\/amtest-group.com\/hu\/wp-json\/wp\/v2\/categories?post=12677"}],"curies":[{"name":"wp","href":"https:\/\/api.w.org\/{rel}","templated":true}]}}