{"id":12676,"date":"2023-04-19T12:27:29","date_gmt":"2023-04-19T10:27:29","guid":{"rendered":"https:\/\/amtest-group.com\/product\/bluiris-fai\/"},"modified":"2024-10-07T13:30:20","modified_gmt":"2024-10-07T11:30:20","slug":"bluiris-fai","status":"publish","type":"product","link":"https:\/\/amtest-group.com\/hu\/product\/bluiris-fai\/","title":{"rendered":"Bluiris (FAI)"},"content":{"rendered":"<p>A Shenzhen <strong>Bluiris Technology Co.<\/strong>, Ltd. a g\u00e9pi vizsg\u00e1lat \u00e9s automatiz\u00e1l\u00e1si teszt rendszerek programj\u00e1nak vezet\u0151 szolg\u00e1ltat\u00f3ja.<\/p>\n","protected":false},"excerpt":{"rendered":"<p>A Shenzhen Bluiris Technology Co., Ltd. a g\u00e9pi vizsg\u00e1lat \u00e9s automatiz\u00e1l\u00e1si teszt rendszerek programj\u00e1nak vezet\u0151 szolg\u00e1ltat\u00f3ja.<\/p>\n","protected":false},"featured_media":0,"parent":0,"menu_order":0,"template":"template-product.php","meta":{"_uf_show_specific_survey":0,"_uf_disable_surveys":false},"categories":[286],"class_list":["post-12676","product","type-product","status-publish","hentry","category-teszt"],"aioseo_notices":[],"_links":{"self":[{"href":"https:\/\/amtest-group.com\/hu\/wp-json\/wp\/v2\/product\/12676","targetHints":{"allow":["GET"]}}],"collection":[{"href":"https:\/\/amtest-group.com\/hu\/wp-json\/wp\/v2\/product"}],"about":[{"href":"https:\/\/amtest-group.com\/hu\/wp-json\/wp\/v2\/types\/product"}],"wp:attachment":[{"href":"https:\/\/amtest-group.com\/hu\/wp-json\/wp\/v2\/media?parent=12676"}],"wp:term":[{"taxonomy":"category","embeddable":true,"href":"https:\/\/amtest-group.com\/hu\/wp-json\/wp\/v2\/categories?post=12676"}],"curies":[{"name":"wp","href":"https:\/\/api.w.org\/{rel}","templated":true}]}}