{"id":12675,"date":"2023-04-19T12:29:27","date_gmt":"2023-04-19T10:29:27","guid":{"rendered":"https:\/\/amtest-group.com\/product\/gen3\/"},"modified":"2024-10-07T13:28:37","modified_gmt":"2024-10-07T11:28:37","slug":"gen3","status":"publish","type":"product","link":"https:\/\/amtest-group.com\/hu\/product\/gen3\/","title":{"rendered":"Gen3"},"content":{"rendered":"<p>A <strong>Gen3 Systems<\/strong> t\u00f6bb mint 40 \u00e9ve ny\u00fajt tesztel\u00e9si \u00e9s m\u00e9r\u00e9si megold\u00e1sokat az elektronikai iparban.<\/p>\n<p>Fejleszti, tervezi \u00e9s gy\u00e1rtja a tesztberendez\u00e9seket, hogy \u00d6nnek megel\u0151zze a terepen t\u00f6rt\u00e9n\u0151 \u00e1ramk\u00f6ri meghib\u00e1sod\u00e1sokat.<\/p>\n","protected":false},"excerpt":{"rendered":"<p>A Gen3 Systems t\u00f6bb mint 40 \u00e9ve ny\u00fajt tesztel\u00e9si \u00e9s m\u00e9r\u00e9si megold\u00e1sokat az elektronikai iparban. Fejleszti, tervezi \u00e9s gy\u00e1rtja a tesztberendez\u00e9seket, hogy \u00d6nnek megel\u0151zze a terepen t\u00f6rt\u00e9n\u0151 \u00e1ramk\u00f6ri meghib\u00e1sod\u00e1sokat.<\/p>\n","protected":false},"featured_media":0,"parent":0,"menu_order":0,"template":"template-product.php","meta":{"_uf_show_specific_survey":0,"_uf_disable_surveys":false},"categories":[286],"class_list":["post-12675","product","type-product","status-publish","hentry","category-teszt"],"aioseo_notices":[],"_links":{"self":[{"href":"https:\/\/amtest-group.com\/hu\/wp-json\/wp\/v2\/product\/12675","targetHints":{"allow":["GET"]}}],"collection":[{"href":"https:\/\/amtest-group.com\/hu\/wp-json\/wp\/v2\/product"}],"about":[{"href":"https:\/\/amtest-group.com\/hu\/wp-json\/wp\/v2\/types\/product"}],"wp:attachment":[{"href":"https:\/\/amtest-group.com\/hu\/wp-json\/wp\/v2\/media?parent=12675"}],"wp:term":[{"taxonomy":"category","embeddable":true,"href":"https:\/\/amtest-group.com\/hu\/wp-json\/wp\/v2\/categories?post=12675"}],"curies":[{"name":"wp","href":"https:\/\/api.w.org\/{rel}","templated":true}]}}