{"id":12674,"date":"2023-04-19T11:38:17","date_gmt":"2023-04-19T09:38:17","guid":{"rendered":"https:\/\/amtest-group.com\/product\/retronix\/"},"modified":"2024-10-07T13:26:39","modified_gmt":"2024-10-07T11:26:39","slug":"retronix","status":"publish","type":"product","link":"https:\/\/amtest-group.com\/hu\/product\/retronix\/","title":{"rendered":"Retronix"},"content":{"rendered":"<p>A <strong>Retronix<\/strong>ot 1992-ben alap\u00edtott\u00e1k. Egyed\u00fcl\u00e1ll\u00f3 technol\u00f3giai megold\u00e1sok sz\u00e9les v\u00e1laszt\u00e9k\u00e1t k\u00edn\u00e1lja, amelyek c\u00e9lja az elektronika megb\u00edzhat\u00f3s\u00e1g\u00e1nak n\u00f6vel\u00e9se \u00e9s a gy\u00e1rt\u00e1si k\u00f6lts\u00e9gek cs\u00f6kkent\u00e9se az \u00f6sszeszerelt PCB-kb\u0151l sz\u00e1rmaz\u00f3 komponensek jav\u00edt\u00e1s\u00e1val \u00e9s \u00fajrahasznos\u00edt\u00e1s\u00e1val.<\/p>\n","protected":false},"excerpt":{"rendered":"<p>A Retronixot 1992-ben alap\u00edtott\u00e1k. Egyed\u00fcl\u00e1ll\u00f3 technol\u00f3giai megold\u00e1sok sz\u00e9les v\u00e1laszt\u00e9k\u00e1t k\u00edn\u00e1lja, amelyek c\u00e9lja az elektronika megb\u00edzhat\u00f3s\u00e1g\u00e1nak n\u00f6vel\u00e9se \u00e9s a gy\u00e1rt\u00e1si k\u00f6lts\u00e9gek cs\u00f6kkent\u00e9se az \u00f6sszeszerelt PCB-kb\u0151l sz\u00e1rmaz\u00f3 komponensek jav\u00edt\u00e1s\u00e1val \u00e9s \u00fajrahasznos\u00edt\u00e1s\u00e1val.<\/p>\n","protected":false},"featured_media":0,"parent":0,"menu_order":0,"template":"template-product.php","meta":{"_uf_show_specific_survey":0,"_uf_disable_surveys":false},"categories":[285],"class_list":["post-12674","product","type-product","status-publish","hentry","category-pcb-javitas-alkatresz-preparalas"],"aioseo_notices":[],"_links":{"self":[{"href":"https:\/\/amtest-group.com\/hu\/wp-json\/wp\/v2\/product\/12674","targetHints":{"allow":["GET"]}}],"collection":[{"href":"https:\/\/amtest-group.com\/hu\/wp-json\/wp\/v2\/product"}],"about":[{"href":"https:\/\/amtest-group.com\/hu\/wp-json\/wp\/v2\/types\/product"}],"wp:attachment":[{"href":"https:\/\/amtest-group.com\/hu\/wp-json\/wp\/v2\/media?parent=12674"}],"wp:term":[{"taxonomy":"category","embeddable":true,"href":"https:\/\/amtest-group.com\/hu\/wp-json\/wp\/v2\/categories?post=12674"}],"curies":[{"name":"wp","href":"https:\/\/api.w.org\/{rel}","templated":true}]}}