{"id":12672,"date":"2023-04-19T12:14:17","date_gmt":"2023-04-19T10:14:17","guid":{"rendered":"https:\/\/amtest-group.com\/product\/autotronik\/"},"modified":"2024-10-07T13:24:16","modified_gmt":"2024-10-07T11:24:16","slug":"autotronik","status":"publish","type":"product","link":"https:\/\/amtest-group.com\/hu\/product\/autotronik\/","title":{"rendered":"Autotronik"},"content":{"rendered":"<p>Az <strong>Autotronik<\/strong> egy glob\u00e1lisan m\u0171k\u00f6d\u0151 v\u00e1llalat, k\u00f6r\u00fclbel\u00fcl 200 alkalmazottal.<\/p>\n<p>Stencil nyomtat\u00f3kra, be\u00fcltet\u0151g\u00e9pekre \u00e9s reflow kemenc\u00e9kre specializ\u00e1l\u00f3dtak kis- \u00e9s k\u00f6zepes sorozatokhoz, valamint teljes SMD gy\u00e1rt\u00f3sorokhoz.<\/p>\n","protected":false},"excerpt":{"rendered":"<p>Az Autotronik egy glob\u00e1lisan m\u0171k\u00f6d\u0151 v\u00e1llalat, k\u00f6r\u00fclbel\u00fcl 200 alkalmazottal. Stencil nyomtat\u00f3kra, be\u00fcltet\u0151g\u00e9pekre \u00e9s reflow kemenc\u00e9kre specializ\u00e1l\u00f3dtak kis- \u00e9s k\u00f6zepes sorozatokhoz, valamint teljes SMD gy\u00e1rt\u00f3sorokhoz.<\/p>\n","protected":false},"featured_media":0,"parent":0,"menu_order":0,"template":"template-product.php","meta":{"_uf_show_specific_survey":0,"_uf_disable_surveys":false},"categories":[153],"class_list":["post-12672","product","type-product","status-publish","hentry","category-nyomtatas"],"aioseo_notices":[],"_links":{"self":[{"href":"https:\/\/amtest-group.com\/hu\/wp-json\/wp\/v2\/product\/12672","targetHints":{"allow":["GET"]}}],"collection":[{"href":"https:\/\/amtest-group.com\/hu\/wp-json\/wp\/v2\/product"}],"about":[{"href":"https:\/\/amtest-group.com\/hu\/wp-json\/wp\/v2\/types\/product"}],"wp:attachment":[{"href":"https:\/\/amtest-group.com\/hu\/wp-json\/wp\/v2\/media?parent=12672"}],"wp:term":[{"taxonomy":"category","embeddable":true,"href":"https:\/\/amtest-group.com\/hu\/wp-json\/wp\/v2\/categories?post=12672"}],"curies":[{"name":"wp","href":"https:\/\/api.w.org\/{rel}","templated":true}]}}