{"id":12670,"date":"2024-01-05T14:18:36","date_gmt":"2024-01-05T13:18:36","guid":{"rendered":"https:\/\/amtest-group.com\/product\/i-c-t-2\/"},"modified":"2024-10-07T13:20:17","modified_gmt":"2024-10-07T11:20:17","slug":"i-c-t-2","status":"publish","type":"product","link":"https:\/\/amtest-group.com\/hu\/product\/i-c-t-2\/","title":{"rendered":"I.C.T"},"content":{"rendered":"<p>Az <strong>InterContinental Technology (I.C.T)<\/strong> az elm\u00falt k\u00e9t \u00e9vtizedben vezet\u0151v\u00e9 v\u00e1lt a glob\u00e1lis intelligens berendez\u00e9sek szolg\u00e1ltat\u00f3jak\u00e9nt.<\/p>\n<p>A Fel\u00fcletszerel\u00e9si Technol\u00f3gia (SMT) ipar\u00e1ban 25 \u00e9ves, jelenl\u00e9t\u00e9vel az <strong>I.C.T<\/strong> szak\u00e9rt\u0151 SMT gy\u00e1ri megold\u00e1sok biztos\u00edt\u00e1s\u00e1ban.<\/p>\n","protected":false},"excerpt":{"rendered":"<p>Az InterContinental Technology (I.C.T) az elm\u00falt k\u00e9t \u00e9vtizedben vezet\u0151v\u00e9 v\u00e1lt a glob\u00e1lis intelligens berendez\u00e9sek szolg\u00e1ltat\u00f3jak\u00e9nt. A Fel\u00fcletszerel\u00e9si Technol\u00f3gia (SMT) ipar\u00e1ban 25 \u00e9ves, jelenl\u00e9t\u00e9vel az I.C.T szak\u00e9rt\u0151 SMT gy\u00e1ri megold\u00e1sok biztos\u00edt\u00e1s\u00e1ban.<\/p>\n","protected":false},"featured_media":0,"parent":0,"menu_order":0,"template":"template-product.php","meta":{"_uf_show_specific_survey":0,"_uf_disable_surveys":false},"categories":[153],"class_list":["post-12670","product","type-product","status-publish","hentry","category-nyomtatas"],"aioseo_notices":[],"_links":{"self":[{"href":"https:\/\/amtest-group.com\/hu\/wp-json\/wp\/v2\/product\/12670","targetHints":{"allow":["GET"]}}],"collection":[{"href":"https:\/\/amtest-group.com\/hu\/wp-json\/wp\/v2\/product"}],"about":[{"href":"https:\/\/amtest-group.com\/hu\/wp-json\/wp\/v2\/types\/product"}],"wp:attachment":[{"href":"https:\/\/amtest-group.com\/hu\/wp-json\/wp\/v2\/media?parent=12670"}],"wp:term":[{"taxonomy":"category","embeddable":true,"href":"https:\/\/amtest-group.com\/hu\/wp-json\/wp\/v2\/categories?post=12670"}],"curies":[{"name":"wp","href":"https:\/\/api.w.org\/{rel}","templated":true}]}}