{"id":12668,"date":"2023-04-19T11:17:17","date_gmt":"2023-04-19T09:17:17","guid":{"rendered":"https:\/\/amtest-group.com\/product\/nordson-march\/"},"modified":"2024-10-07T13:17:15","modified_gmt":"2024-10-07T11:17:15","slug":"nordson-march","status":"publish","type":"product","link":"https:\/\/amtest-group.com\/hu\/product\/nordson-march\/","title":{"rendered":"Nordson March"},"content":{"rendered":"<p>A <strong>Nordson<\/strong>, mint a kereskedelmi gy\u00e1rt\u00f3berendez\u00e9sek vezet\u0151je, throughput \u00e9s pre-underfill, pre-mold, pre-wire bond plazmakezel\u00e9st k\u00edn\u00e1l a tapad\u00e1s \u00e9s a csomagol\u00e1s megb\u00edzhat\u00f3s\u00e1g\u00e1nak jav\u00edt\u00e1sa \u00e9rdek\u00e9ben, p\u00e1ratlan kezel\u00e9si egys\u00e9gess\u00e9ggel \u00e9s folyamatkonzisztenci\u00e1val.<\/p>\n","protected":false},"excerpt":{"rendered":"<p>A Nordson, mint a kereskedelmi gy\u00e1rt\u00f3berendez\u00e9sek vezet\u0151je, throughput \u00e9s pre-underfill, pre-mold, pre-wire bond plazmakezel\u00e9st k\u00edn\u00e1l a tapad\u00e1s \u00e9s a csomagol\u00e1s megb\u00edzhat\u00f3s\u00e1g\u00e1nak jav\u00edt\u00e1sa \u00e9rdek\u00e9ben, p\u00e1ratlan kezel\u00e9si egys\u00e9gess\u00e9ggel \u00e9s folyamatkonzisztenci\u00e1val.<\/p>\n","protected":false},"featured_media":0,"parent":0,"menu_order":0,"template":"template-product.php","meta":{"_uf_show_specific_survey":0,"_uf_disable_surveys":false},"categories":[145],"class_list":["post-12668","product","type-product","status-publish","hentry","category-plazma-aktivacio"],"aioseo_notices":[],"_links":{"self":[{"href":"https:\/\/amtest-group.com\/hu\/wp-json\/wp\/v2\/product\/12668","targetHints":{"allow":["GET"]}}],"collection":[{"href":"https:\/\/amtest-group.com\/hu\/wp-json\/wp\/v2\/product"}],"about":[{"href":"https:\/\/amtest-group.com\/hu\/wp-json\/wp\/v2\/types\/product"}],"wp:attachment":[{"href":"https:\/\/amtest-group.com\/hu\/wp-json\/wp\/v2\/media?parent=12668"}],"wp:term":[{"taxonomy":"category","embeddable":true,"href":"https:\/\/amtest-group.com\/hu\/wp-json\/wp\/v2\/categories?post=12668"}],"curies":[{"name":"wp","href":"https:\/\/api.w.org\/{rel}","templated":true}]}}