{"id":12666,"date":"2024-01-05T15:53:24","date_gmt":"2024-01-05T14:53:24","guid":{"rendered":"https:\/\/amtest-group.com\/product\/universal-instruments-2\/"},"modified":"2024-10-07T13:13:50","modified_gmt":"2024-10-07T11:13:50","slug":"universal-instruments-2","status":"publish","type":"product","link":"https:\/\/amtest-group.com\/hu\/product\/universal-instruments-2\/","title":{"rendered":"Universal Instruments"},"content":{"rendered":"<p>A <strong>Universal Instruments<\/strong> rugalmas \u00f6sszeszerel\u0151 berendez\u00e9seket k\u00edn\u00e1l.<\/p>\n<p>A v\u00e1llalat egyed\u00fcl\u00e1ll\u00f3 helyzetben van, hogy az ipar\u00e1g legsz\u00e9lesebb k\u00f6r\u0171, teljesen integr\u00e1lt technol\u00f3gi\u00e1it, egyed\u00fcl\u00e1ll\u00f3 folyamatismeretet \u00e9s vil\u00e1gsz\u00ednvonal\u00fa t\u00e1mogat\u00e1si h\u00e1l\u00f3zatot biztos\u00edtson a specifikus k\u00f6vetelm\u00e9nyek t\u00f6k\u00e9letes megold\u00e1s\u00e1hoz.<\/p>\n","protected":false},"excerpt":{"rendered":"<p>A Universal Instruments rugalmas \u00f6sszeszerel\u0151 berendez\u00e9seket k\u00edn\u00e1l. A v\u00e1llalat egyed\u00fcl\u00e1ll\u00f3 helyzetben van, hogy az ipar\u00e1g legsz\u00e9lesebb k\u00f6r\u0171, teljesen integr\u00e1lt technol\u00f3gi\u00e1it, egyed\u00fcl\u00e1ll\u00f3 folyamatismeretet \u00e9s vil\u00e1gsz\u00ednvonal\u00fa t\u00e1mogat\u00e1si h\u00e1l\u00f3zatot biztos\u00edtson a specifikus k\u00f6vetelm\u00e9nyek t\u00f6k\u00e9letes megold\u00e1s\u00e1hoz.<\/p>\n","protected":false},"featured_media":0,"parent":0,"menu_order":0,"template":"template-product.php","meta":{"_uf_show_specific_survey":0,"_uf_disable_surveys":false},"categories":[152],"class_list":["post-12666","product","type-product","status-publish","hentry","category-pick-place-hu"],"aioseo_notices":[],"_links":{"self":[{"href":"https:\/\/amtest-group.com\/hu\/wp-json\/wp\/v2\/product\/12666","targetHints":{"allow":["GET"]}}],"collection":[{"href":"https:\/\/amtest-group.com\/hu\/wp-json\/wp\/v2\/product"}],"about":[{"href":"https:\/\/amtest-group.com\/hu\/wp-json\/wp\/v2\/types\/product"}],"wp:attachment":[{"href":"https:\/\/amtest-group.com\/hu\/wp-json\/wp\/v2\/media?parent=12666"}],"wp:term":[{"taxonomy":"category","embeddable":true,"href":"https:\/\/amtest-group.com\/hu\/wp-json\/wp\/v2\/categories?post=12666"}],"curies":[{"name":"wp","href":"https:\/\/api.w.org\/{rel}","templated":true}]}}