{"id":12665,"date":"2023-04-19T12:34:50","date_gmt":"2023-04-19T10:34:50","guid":{"rendered":"https:\/\/amtest-group.com\/product\/cab\/"},"modified":"2024-10-07T13:09:16","modified_gmt":"2024-10-07T11:09:16","slug":"cab","status":"publish","type":"product","link":"https:\/\/amtest-group.com\/hu\/product\/cab\/","title":{"rendered":"CAB"},"content":{"rendered":"<p>A <strong>CAB<\/strong> \u00e1tfog\u00f3 megold\u00e1sokat k\u00edn\u00e1l a nyomtatott \u00e1ramk\u00f6r\u00f6k (PCB) kezel\u00e9s\u00e9re \u00e9s feldolgoz\u00e1s\u00e1ra.<\/p>\n<p>Ezek k\u00f6z\u00e9 tartoznak a fejlett PCB darabol\u00f3k, mint p\u00e9ld\u00e1ul a HEKTOR 2, amely \u00f3vatosan \u00e9s gyorsan v\u00e1lasztja sz\u00e9t a megmunk\u00e1lt PCB-ket, valamint a MAESTRO sorozat (2, 2M, 3E, 4S, 5L \u00e9s 6), amely hat\u00e9kony \u00e9s pontos elv\u00e1laszt\u00e1st biztos\u00edt a m\u00e1r el\u0151re bemart bem\u00e9lyed\u00e9sekkel rendelkez\u0151 PCB-k sz\u00e1m\u00e1ra.<\/p>\n","protected":false},"excerpt":{"rendered":"<p>A CAB \u00e1tfog\u00f3 megold\u00e1sokat k\u00edn\u00e1l a nyomtatott \u00e1ramk\u00f6r\u00f6k (PCB) kezel\u00e9s\u00e9re \u00e9s feldolgoz\u00e1s\u00e1ra. Ezek k\u00f6z\u00e9 tartoznak a fejlett PCB darabol\u00f3k, mint p\u00e9ld\u00e1ul a HEKTOR 2, amely \u00f3vatosan \u00e9s gyorsan v\u00e1lasztja sz\u00e9t a megmunk\u00e1lt PCB-ket, valamint a MAESTRO sorozat (2, 2M, 3E, 4S, 5L \u00e9s 6), amely hat\u00e9kony \u00e9s pontos elv\u00e1laszt\u00e1st biztos\u00edt a m\u00e1r el\u0151re bemart bem\u00e9lyed\u00e9sekkel [&hellip;]<\/p>\n","protected":false},"featured_media":0,"parent":0,"menu_order":0,"template":"template-product.php","meta":{"_uf_show_specific_survey":0,"_uf_disable_surveys":false},"categories":[284],"class_list":["post-12665","product","type-product","status-publish","hentry","category-pcb-magazinok"],"aioseo_notices":[],"_links":{"self":[{"href":"https:\/\/amtest-group.com\/hu\/wp-json\/wp\/v2\/product\/12665","targetHints":{"allow":["GET"]}}],"collection":[{"href":"https:\/\/amtest-group.com\/hu\/wp-json\/wp\/v2\/product"}],"about":[{"href":"https:\/\/amtest-group.com\/hu\/wp-json\/wp\/v2\/types\/product"}],"wp:attachment":[{"href":"https:\/\/amtest-group.com\/hu\/wp-json\/wp\/v2\/media?parent=12665"}],"wp:term":[{"taxonomy":"category","embeddable":true,"href":"https:\/\/amtest-group.com\/hu\/wp-json\/wp\/v2\/categories?post=12665"}],"curies":[{"name":"wp","href":"https:\/\/api.w.org\/{rel}","templated":true}]}}