{"id":12659,"date":"2024-09-16T13:30:47","date_gmt":"2024-09-16T11:30:47","guid":{"rendered":"https:\/\/amtest-group.com\/product\/exelsius-3\/"},"modified":"2024-10-07T13:00:21","modified_gmt":"2024-10-07T11:00:21","slug":"exelsius-3","status":"publish","type":"product","link":"https:\/\/amtest-group.com\/hu\/product\/exelsius-3\/","title":{"rendered":"Exelsius"},"content":{"rendered":"<p>Az <strong>Exelsius<\/strong>, amely a fejlett kem\u00e9ny\u00edt\u00e9si technol\u00f3gi\u00e1k vezet\u0151 szerepl\u0151je, egy sor, ipari alkalmaz\u00e1sokra tervezett, nagy teljes\u00edtm\u00e9ny\u0171 kemenc\u00e9t k\u00edn\u00e1l.<\/p>\n<p>A hat\u00e9konys\u00e1gra, biztons\u00e1gra \u00e9s sokoldal\u00fas\u00e1gra \u00f6sszpontos\u00edtva az UV-9 sorozat mind UV LED, mind UV ARC kemenc\u00e9ket tartalmaz, m\u00edg az XCC IR kemence infrav\u00f6r\u00f6s kem\u00e9ny\u00edt\u00e9sre specializ\u00e1l\u00f3dott. Ezek a korszer\u0171 rendszerek a bevon\u00f3 \u00e9s ragaszt\u00f3 folyamatok gyorsan fejl\u0151d\u0151 ig\u00e9nyeire vannak optimaliz\u00e1lva, alkalmazkod\u00f3 megold\u00e1sokat k\u00edn\u00e1lva k\u00fcl\u00f6nb\u00f6z\u0151 ipar\u00e1gak sz\u00e1m\u00e1ra.<\/p>\n","protected":false},"excerpt":{"rendered":"<p>Az Exelsius, amely a fejlett kem\u00e9ny\u00edt\u00e9si technol\u00f3gi\u00e1k vezet\u0151 szerepl\u0151je, egy sor, ipari alkalmaz\u00e1sokra tervezett, nagy teljes\u00edtm\u00e9ny\u0171 kemenc\u00e9t k\u00edn\u00e1l. A hat\u00e9konys\u00e1gra, biztons\u00e1gra \u00e9s sokoldal\u00fas\u00e1gra \u00f6sszpontos\u00edtva az UV-9 sorozat mind UV LED, mind UV ARC kemenc\u00e9ket tartalmaz, m\u00edg az XCC IR kemence infrav\u00f6r\u00f6s kem\u00e9ny\u00edt\u00e9sre specializ\u00e1l\u00f3dott. Ezek a korszer\u0171 rendszerek a bevon\u00f3 \u00e9s ragaszt\u00f3 folyamatok gyorsan fejl\u0151d\u0151 ig\u00e9nyeire [&hellip;]<\/p>\n","protected":false},"featured_media":0,"parent":0,"menu_order":0,"template":"template-product.php","meta":{"_uf_show_specific_survey":0,"_uf_disable_surveys":false},"categories":[281],"class_list":["post-12659","product","type-product","status-publish","hentry","category-kikemeynito-kemencek"],"aioseo_notices":[],"_links":{"self":[{"href":"https:\/\/amtest-group.com\/hu\/wp-json\/wp\/v2\/product\/12659","targetHints":{"allow":["GET"]}}],"collection":[{"href":"https:\/\/amtest-group.com\/hu\/wp-json\/wp\/v2\/product"}],"about":[{"href":"https:\/\/amtest-group.com\/hu\/wp-json\/wp\/v2\/types\/product"}],"wp:attachment":[{"href":"https:\/\/amtest-group.com\/hu\/wp-json\/wp\/v2\/media?parent=12659"}],"wp:term":[{"taxonomy":"category","embeddable":true,"href":"https:\/\/amtest-group.com\/hu\/wp-json\/wp\/v2\/categories?post=12659"}],"curies":[{"name":"wp","href":"https:\/\/api.w.org\/{rel}","templated":true}]}}