{"id":12656,"date":"2023-04-19T11:10:51","date_gmt":"2023-04-19T09:10:51","guid":{"rendered":"https:\/\/amtest-group.com\/product\/mstech-3\/"},"modified":"2024-10-07T12:48:23","modified_gmt":"2024-10-07T10:48:23","slug":"mstech-3","status":"publish","type":"product","link":"https:\/\/amtest-group.com\/hu\/product\/mstech-3\/","title":{"rendered":"MSTech"},"content":{"rendered":"<p>Az <strong>MSTECH<\/strong>, amelyet 1996-ban alap\u00edtottak, t\u00f6bb mint 20 \u00e9ves tapasztalattal rendelkezik az elektronikai ipar automatiz\u00e1l\u00e1si megold\u00e1sainak biztos\u00edt\u00e1s\u00e1ban, k\u00fcl\u00f6n\u00f6s figyelmet ford\u00edtva a depanelingra.<\/p>\n<p>Az \u00e9vek sor\u00e1n a v\u00e1llalat vezet\u0151 szerepet alak\u00edtott ki olyan k\u00fcl\u00f6nb\u00f6z\u0151 szektorokban, mint a fogyaszt\u00f3i elektronika, a mobiltelefonok \u00e9s az aut\u00f3ipar, fel\u00fclm\u00falva a vezet\u0151 c\u00e9gek legszigor\u00fabb k\u00f6vetelm\u00e9nyeit is.<\/p>\n","protected":false},"excerpt":{"rendered":"<p>Az MSTECH, amelyet 1996-ban alap\u00edtottak, t\u00f6bb mint 20 \u00e9ves tapasztalattal rendelkezik az elektronikai ipar automatiz\u00e1l\u00e1si megold\u00e1sainak biztos\u00edt\u00e1s\u00e1ban, k\u00fcl\u00f6n\u00f6s figyelmet ford\u00edtva a depanelingra. Az \u00e9vek sor\u00e1n a v\u00e1llalat vezet\u0151 szerepet alak\u00edtott ki olyan k\u00fcl\u00f6nb\u00f6z\u0151 szektorokban, mint a fogyaszt\u00f3i elektronika, a mobiltelefonok \u00e9s az aut\u00f3ipar, fel\u00fclm\u00falva a vezet\u0151 c\u00e9gek legszigor\u00fabb k\u00f6vetelm\u00e9nyeit is.<\/p>\n","protected":false},"featured_media":0,"parent":0,"menu_order":0,"template":"template-product.php","meta":{"_uf_show_specific_survey":0,"_uf_disable_surveys":false},"categories":[146],"class_list":["post-12656","product","type-product","status-publish","hentry","category-bevonat-ellenorzes"],"aioseo_notices":[],"_links":{"self":[{"href":"https:\/\/amtest-group.com\/hu\/wp-json\/wp\/v2\/product\/12656","targetHints":{"allow":["GET"]}}],"collection":[{"href":"https:\/\/amtest-group.com\/hu\/wp-json\/wp\/v2\/product"}],"about":[{"href":"https:\/\/amtest-group.com\/hu\/wp-json\/wp\/v2\/types\/product"}],"wp:attachment":[{"href":"https:\/\/amtest-group.com\/hu\/wp-json\/wp\/v2\/media?parent=12656"}],"wp:term":[{"taxonomy":"category","embeddable":true,"href":"https:\/\/amtest-group.com\/hu\/wp-json\/wp\/v2\/categories?post=12656"}],"curies":[{"name":"wp","href":"https:\/\/api.w.org\/{rel}","templated":true}]}}