{"id":358,"date":"2023-03-24T08:35:10","date_gmt":"2023-03-24T07:35:10","guid":{"rendered":"https:\/\/amtest.virtus3-projekti.com\/contact\/"},"modified":"2023-04-25T12:09:28","modified_gmt":"2023-04-25T10:09:28","slug":"contact","status":"publish","type":"page","link":"https:\/\/amtest-group.com\/hu\/contact\/","title":{"rendered":"Kapcsolat"},"content":{"rendered":"<p>Szeretn\u00e9nk hallani fel\u0151led! K\u00e9rj\u00fck, t\u00f6ltse ki az al\u00e1bbi \u0171rlapot, hogy kapcsolatba l\u00e9phessen vel\u00fcnk.<\/p>\n","protected":false},"excerpt":{"rendered":"<p>Szeretn\u00e9nk hallani fel\u0151led! K\u00e9rj\u00fck, t\u00f6ltse ki az al\u00e1bbi \u0171rlapot, hogy kapcsolatba l\u00e9phessen vel\u00fcnk.<\/p>\n","protected":false},"author":1,"featured_media":1226,"parent":0,"menu_order":0,"comment_status":"closed","ping_status":"closed","template":"template-contact.php","meta":{"_uf_show_specific_survey":0,"_uf_disable_surveys":false,"footnotes":""},"class_list":["post-358","page","type-page","status-publish","has-post-thumbnail","hentry"],"aioseo_notices":[],"_links":{"self":[{"href":"https:\/\/amtest-group.com\/hu\/wp-json\/wp\/v2\/pages\/358","targetHints":{"allow":["GET"]}}],"collection":[{"href":"https:\/\/amtest-group.com\/hu\/wp-json\/wp\/v2\/pages"}],"about":[{"href":"https:\/\/amtest-group.com\/hu\/wp-json\/wp\/v2\/types\/page"}],"author":[{"embeddable":true,"href":"https:\/\/amtest-group.com\/hu\/wp-json\/wp\/v2\/users\/1"}],"replies":[{"embeddable":true,"href":"https:\/\/amtest-group.com\/hu\/wp-json\/wp\/v2\/comments?post=358"}],"version-history":[{"count":6,"href":"https:\/\/amtest-group.com\/hu\/wp-json\/wp\/v2\/pages\/358\/revisions"}],"predecessor-version":[{"id":1234,"href":"https:\/\/amtest-group.com\/hu\/wp-json\/wp\/v2\/pages\/358\/revisions\/1234"}],"wp:featuredmedia":[{"embeddable":true,"href":"https:\/\/amtest-group.com\/hu\/wp-json\/wp\/v2\/media\/1226"}],"wp:attachment":[{"href":"https:\/\/amtest-group.com\/hu\/wp-json\/wp\/v2\/media?parent=358"}],"curies":[{"name":"wp","href":"https:\/\/api.w.org\/{rel}","templated":true}]}}