{"id":30844,"date":"2026-01-02T09:12:14","date_gmt":"2026-01-02T08:12:14","guid":{"rendered":"https:\/\/amtest-group.com\/product\/nordson-test-inspection-2\/"},"modified":"2026-01-30T12:24:51","modified_gmt":"2026-01-30T11:24:51","slug":"nordson-test-inspection-2","status":"publish","type":"product","link":"https:\/\/amtest-group.com\/cs\/product\/nordson-test-inspection-2\/","title":{"rendered":"Nordson Test &#038; Inspection"},"content":{"rendered":"<p><strong>Nordson Test &amp; Inspection<\/strong> stoj\u00ed v \u010dele v\u00fdvoje optick\u00e9 inspekce a nab\u00edz\u00ed inteligentn\u00ed, vysoce p\u0159esn\u00e1 \u0159e\u0161en\u00ed pro modern\u00ed v\u00fdrobu elektroniky.<\/p>\n<p>Jejich AOI a 3D inspek\u010dn\u00ed syst\u00e9my kombinuj\u00ed pokro\u010dil\u00e9 zobrazovac\u00ed technologie, algoritmy um\u011bl\u00e9 inteligence a anal\u00fdzu v re\u00e1ln\u00e9m \u010dase, aby s mimo\u0159\u00e1dnou p\u0159esnost\u00ed odhalily i ty nejmen\u0161\u00ed vady.<\/p>\n","protected":false},"excerpt":{"rendered":"<p>Nordson Test &amp; Inspection stoj\u00ed v \u010dele v\u00fdvoje optick\u00e9 inspekce a nab\u00edz\u00ed inteligentn\u00ed, vysoce p\u0159esn\u00e1 \u0159e\u0161en\u00ed pro modern\u00ed v\u00fdrobu elektroniky. Jejich AOI a 3D inspek\u010dn\u00ed syst\u00e9my kombinuj\u00ed pokro\u010dil\u00e9 zobrazovac\u00ed technologie, algoritmy um\u011bl\u00e9 inteligence a anal\u00fdzu v re\u00e1ln\u00e9m \u010dase, aby s mimo\u0159\u00e1dnou p\u0159esnost\u00ed odhalily i ty nejmen\u0161\u00ed vady.<\/p>\n","protected":false},"featured_media":0,"parent":0,"menu_order":0,"template":"template-product.php","meta":{"_uf_show_specific_survey":0,"_uf_disable_surveys":false},"categories":[327,323],"class_list":["post-30844","product","type-product","status-publish","hentry","category-inspekce-po-lakovani","category-opticka-inspekce"],"aioseo_notices":[],"_links":{"self":[{"href":"https:\/\/amtest-group.com\/cs\/wp-json\/wp\/v2\/product\/30844","targetHints":{"allow":["GET"]}}],"collection":[{"href":"https:\/\/amtest-group.com\/cs\/wp-json\/wp\/v2\/product"}],"about":[{"href":"https:\/\/amtest-group.com\/cs\/wp-json\/wp\/v2\/types\/product"}],"wp:attachment":[{"href":"https:\/\/amtest-group.com\/cs\/wp-json\/wp\/v2\/media?parent=30844"}],"wp:term":[{"taxonomy":"category","embeddable":true,"href":"https:\/\/amtest-group.com\/cs\/wp-json\/wp\/v2\/categories?post=30844"}],"curies":[{"name":"wp","href":"https:\/\/api.w.org\/{rel}","templated":true}]}}