{"id":30820,"date":"2026-01-02T09:18:47","date_gmt":"2026-01-02T08:18:47","guid":{"rendered":"https:\/\/amtest-group.com\/product\/maker-ray-5\/"},"modified":"2026-01-29T15:24:53","modified_gmt":"2026-01-29T14:24:53","slug":"maker-ray-5","status":"publish","type":"product","link":"https:\/\/amtest-group.com\/cs\/product\/maker-ray-5\/","title":{"rendered":"MAKER-RAY"},"content":{"rendered":"<p><strong>MAKER-RAY<\/strong> je produktov\u011b orientovan\u00e1 spole\u010dnost specializuj\u00edc\u00ed se na inteligentn\u00ed \u0159e\u0161en\u00ed optick\u00e9 inspekce se zam\u011b\u0159en\u00edm na AOI syst\u00e9my poh\u00e1n\u011bn\u00e9 um\u011blou inteligenc\u00ed pro procesy THT, SMT a lakov\u00e1n\u00ed.<\/p>\n<p>Vyu\u017eit\u00edm pokro\u010dil\u00fdch algoritm\u016f hloubkov\u00e9ho u\u010den\u00ed <strong>MAKER-RAY<\/strong> zvy\u0161uje efektivitu programov\u00e1n\u00ed a p\u0159esnost detekce a z\u00e1rove\u0148 v\u00fdrazn\u011b sni\u017euje po\u010det fale\u0161n\u00fdch hl\u00e1\u0161en\u00ed \u2013 \u010d\u00edm\u017e p\u0159ekon\u00e1v\u00e1 omezen\u00ed tradi\u010dn\u00edch inspek\u010dn\u00edch technologi\u00ed.<\/p>\n","protected":false},"excerpt":{"rendered":"<p>MAKER-RAY je produktov\u011b orientovan\u00e1 spole\u010dnost specializuj\u00edc\u00ed se na inteligentn\u00ed \u0159e\u0161en\u00ed optick\u00e9 inspekce se zam\u011b\u0159en\u00edm na AOI syst\u00e9my poh\u00e1n\u011bn\u00e9 um\u011blou inteligenc\u00ed pro procesy THT, SMT a lakov\u00e1n\u00ed. Vyu\u017eit\u00edm pokro\u010dil\u00fdch algoritm\u016f hloubkov\u00e9ho u\u010den\u00ed MAKER-RAY zvy\u0161uje efektivitu programov\u00e1n\u00ed a p\u0159esnost detekce a z\u00e1rove\u0148 v\u00fdrazn\u011b sni\u017euje po\u010det fale\u0161n\u00fdch hl\u00e1\u0161en\u00ed \u2013 \u010d\u00edm\u017e p\u0159ekon\u00e1v\u00e1 omezen\u00ed tradi\u010dn\u00edch inspek\u010dn\u00edch technologi\u00ed.<\/p>\n","protected":false},"featured_media":0,"parent":0,"menu_order":0,"template":"template-product.php","meta":{"_uf_show_specific_survey":0,"_uf_disable_surveys":false},"categories":[323,328],"class_list":["post-30820","product","type-product","status-publish","hentry","category-opticka-inspekce","category-tht-inspekce-2d-3d-aoi"],"aioseo_notices":[],"_links":{"self":[{"href":"https:\/\/amtest-group.com\/cs\/wp-json\/wp\/v2\/product\/30820","targetHints":{"allow":["GET"]}}],"collection":[{"href":"https:\/\/amtest-group.com\/cs\/wp-json\/wp\/v2\/product"}],"about":[{"href":"https:\/\/amtest-group.com\/cs\/wp-json\/wp\/v2\/types\/product"}],"wp:attachment":[{"href":"https:\/\/amtest-group.com\/cs\/wp-json\/wp\/v2\/media?parent=30820"}],"wp:term":[{"taxonomy":"category","embeddable":true,"href":"https:\/\/amtest-group.com\/cs\/wp-json\/wp\/v2\/categories?post=30820"}],"curies":[{"name":"wp","href":"https:\/\/api.w.org\/{rel}","templated":true}]}}