{"id":30778,"date":"2026-01-02T09:02:09","date_gmt":"2026-01-02T08:02:09","guid":{"rendered":"https:\/\/amtest-group.com\/product\/mstech-4\/"},"modified":"2026-01-29T09:16:50","modified_gmt":"2026-01-29T08:16:50","slug":"mstech-4","status":"publish","type":"product","link":"https:\/\/amtest-group.com\/cs\/product\/mstech-4\/","title":{"rendered":"MSTech"},"content":{"rendered":"<p><strong>MSTECH<\/strong>, zalo\u017een\u00e1 v roce 1996, je pr\u016fkopn\u00edkem v oblasti automatizace a inspek\u010dn\u00edch \u0159e\u0161en\u00ed pro glob\u00e1ln\u00ed elektronick\u00fd pr\u016fmysl.<\/p>\n<p>Spole\u010dnost, podpo\u0159en\u00e1 v\u00edce ne\u017e dvaceti lety technologick\u00fdch zku\u0161enost\u00ed, dod\u00e1v\u00e1 nejmodern\u011bj\u0161\u00ed syst\u00e9my pro inspekci po lakov\u00e1n\u00ed, navr\u017een\u00e9 tak, aby zajistily dokonal\u00e9 pokryt\u00ed, p\u0159esnou tlou\u0161\u0165ku a bezchybn\u00e9 povrchov\u00e9 \u00fapravy.<\/p>\n","protected":false},"excerpt":{"rendered":"<p>MSTECH, zalo\u017een\u00e1 v roce 1996, je pr\u016fkopn\u00edkem v oblasti automatizace a inspek\u010dn\u00edch \u0159e\u0161en\u00ed pro glob\u00e1ln\u00ed elektronick\u00fd pr\u016fmysl. Spole\u010dnost, podpo\u0159en\u00e1 v\u00edce ne\u017e dvaceti lety technologick\u00fdch zku\u0161enost\u00ed, dod\u00e1v\u00e1 nejmodern\u011bj\u0161\u00ed syst\u00e9my pro inspekci po lakov\u00e1n\u00ed, navr\u017een\u00e9 tak, aby zajistily dokonal\u00e9 pokryt\u00ed, p\u0159esnou tlou\u0161\u0165ku a bezchybn\u00e9 povrchov\u00e9 \u00fapravy.<\/p>\n","protected":false},"featured_media":0,"parent":0,"menu_order":0,"template":"template-product.php","meta":{"_uf_show_specific_survey":0,"_uf_disable_surveys":false},"categories":[327,323],"class_list":["post-30778","product","type-product","status-publish","hentry","category-inspekce-po-lakovani","category-opticka-inspekce"],"aioseo_notices":[],"_links":{"self":[{"href":"https:\/\/amtest-group.com\/cs\/wp-json\/wp\/v2\/product\/30778","targetHints":{"allow":["GET"]}}],"collection":[{"href":"https:\/\/amtest-group.com\/cs\/wp-json\/wp\/v2\/product"}],"about":[{"href":"https:\/\/amtest-group.com\/cs\/wp-json\/wp\/v2\/types\/product"}],"wp:attachment":[{"href":"https:\/\/amtest-group.com\/cs\/wp-json\/wp\/v2\/media?parent=30778"}],"wp:term":[{"taxonomy":"category","embeddable":true,"href":"https:\/\/amtest-group.com\/cs\/wp-json\/wp\/v2\/categories?post=30778"}],"curies":[{"name":"wp","href":"https:\/\/api.w.org\/{rel}","templated":true}]}}