{"id":3056,"date":"2023-04-19T12:15:08","date_gmt":"2023-04-19T10:15:08","guid":{"rendered":"https:\/\/amtest-group.com\/product\/ese\/"},"modified":"2023-05-25T14:18:01","modified_gmt":"2023-05-25T12:18:01","slug":"ese","status":"publish","type":"product","link":"https:\/\/amtest-group.com\/cs\/product\/ese\/","title":{"rendered":"ESE"},"content":{"rendered":"<p><strong>ESE co.<\/strong>, je jihokorejsk\u00e1 p\u0159edn\u00ed spole\u010dnost vyv\u00edjej\u00edc\u00ed a vyr\u00e1b\u011bj\u00edc\u00ed s\u00edtotiskov\u00e9 stroje a \u0159e\u0161en\u00ed pro technologii povrchov\u00e9 mont\u00e1\u017ee (SMT) a polovodi\u010dov\u00e9 aplikace.<\/p>\n","protected":false},"excerpt":{"rendered":"<p>ESE co., je jihokorejsk\u00e1 p\u0159edn\u00ed spole\u010dnost vyv\u00edjej\u00edc\u00ed a vyr\u00e1b\u011bj\u00edc\u00ed s\u00edtotiskov\u00e9 stroje a \u0159e\u0161en\u00ed pro technologii povrchov\u00e9 mont\u00e1\u017ee (SMT) a polovodi\u010dov\u00e9 aplikace.<\/p>\n","protected":false},"featured_media":0,"parent":0,"menu_order":0,"template":"template-product.php","meta":{"_uf_show_specific_survey":0,"_uf_disable_surveys":false},"categories":[114],"class_list":["post-3056","product","type-product","status-publish","hentry","category-tisk-pasty-lepidla"],"aioseo_notices":[],"_links":{"self":[{"href":"https:\/\/amtest-group.com\/cs\/wp-json\/wp\/v2\/product\/3056","targetHints":{"allow":["GET"]}}],"collection":[{"href":"https:\/\/amtest-group.com\/cs\/wp-json\/wp\/v2\/product"}],"about":[{"href":"https:\/\/amtest-group.com\/cs\/wp-json\/wp\/v2\/types\/product"}],"wp:attachment":[{"href":"https:\/\/amtest-group.com\/cs\/wp-json\/wp\/v2\/media?parent=3056"}],"wp:term":[{"taxonomy":"category","embeddable":true,"href":"https:\/\/amtest-group.com\/cs\/wp-json\/wp\/v2\/categories?post=3056"}],"curies":[{"name":"wp","href":"https:\/\/api.w.org\/{rel}","templated":true}]}}