{"id":220,"date":"2023-04-19T12:34:50","date_gmt":"2023-04-19T10:34:50","guid":{"rendered":"https:\/\/amtest.virtus3-projekti.com\/?post_type=product&#038;p=220"},"modified":"2024-10-14T09:43:18","modified_gmt":"2024-10-14T07:43:18","slug":"cab","status":"publish","type":"product","link":"https:\/\/amtest-group.com\/cs\/product\/cab\/","title":{"rendered":"CAB"},"content":{"rendered":"<p><strong>CAB<\/strong> nab\u00edz\u00ed komplexn\u00ed \u0161k\u00e1lu \u0159e\u0161en\u00ed pro manipulaci a zpracov\u00e1n\u00ed desek plo\u0161n\u00fdch spoj\u016f (DPS).<\/p>\n<p>To zahrnuje pokro\u010dil\u00e9 d\u011bli\u010dky DPS, jako je HEKTOR 2, kter\u00fd odd\u011bluje fr\u00e9zovan\u00e9 DPS pe\u010dliv\u011b a rychle, a tak\u00e9 \u0159adu MAESTRO (2, 2M, 3E, 4S, 5L a 6), je\u017e nab\u00edz\u00ed efektivn\u00ed a p\u0159esn\u00e9 d\u011blen\u00ed DPS s p\u0159ed\u0159ezan\u00fdmi dr\u00e1\u017ekami.<\/p>\n","protected":false},"excerpt":{"rendered":"<p>CAB nab\u00edz\u00ed komplexn\u00ed \u0161k\u00e1lu \u0159e\u0161en\u00ed pro manipulaci a zpracov\u00e1n\u00ed desek plo\u0161n\u00fdch spoj\u016f (DPS). To zahrnuje pokro\u010dil\u00e9 d\u011bli\u010dky DPS, jako je HEKTOR 2, kter\u00fd odd\u011bluje fr\u00e9zovan\u00e9 DPS pe\u010dliv\u011b a rychle, a tak\u00e9 \u0159adu MAESTRO (2, 2M, 3E, 4S, 5L a 6), je\u017e nab\u00edz\u00ed efektivn\u00ed a p\u0159esn\u00e9 d\u011blen\u00ed DPS s p\u0159ed\u0159ezan\u00fdmi dr\u00e1\u017ekami.<\/p>\n","protected":false},"featured_media":0,"parent":0,"menu_order":0,"template":"template-product.php","meta":{"_uf_show_specific_survey":0,"_uf_disable_surveys":false},"categories":[124],"class_list":["post-220","product","type-product","status-publish","hentry","category-magaziny-dps"],"aioseo_notices":[],"_links":{"self":[{"href":"https:\/\/amtest-group.com\/cs\/wp-json\/wp\/v2\/product\/220","targetHints":{"allow":["GET"]}}],"collection":[{"href":"https:\/\/amtest-group.com\/cs\/wp-json\/wp\/v2\/product"}],"about":[{"href":"https:\/\/amtest-group.com\/cs\/wp-json\/wp\/v2\/types\/product"}],"wp:attachment":[{"href":"https:\/\/amtest-group.com\/cs\/wp-json\/wp\/v2\/media?parent=220"}],"wp:term":[{"taxonomy":"category","embeddable":true,"href":"https:\/\/amtest-group.com\/cs\/wp-json\/wp\/v2\/categories?post=220"}],"curies":[{"name":"wp","href":"https:\/\/api.w.org\/{rel}","templated":true}]}}