{"id":219,"date":"2023-04-19T12:34:03","date_gmt":"2023-04-19T10:34:03","guid":{"rendered":"https:\/\/amtest.virtus3-projekti.com\/?post_type=product&#038;p=219"},"modified":"2023-05-25T16:35:02","modified_gmt":"2023-05-25T14:35:02","slug":"mbtech","status":"publish","type":"product","link":"https:\/\/amtest-group.com\/cs\/product\/mbtech\/","title":{"rendered":"MBTech"},"content":{"rendered":"<p><span style=\"font-weight: 400;\">Specialista na myt\u00ed DPS, \u0161ablon, missprint\u016f, st\u011brek ze s\u00edtotisku, p\u00e1jec\u00edch r\u00e1m\u016f, filtr\u016f z reflow pece a mnoho dal\u0161\u00edho.<\/span><\/p>\n","protected":false},"excerpt":{"rendered":"<p>Specialista na myt\u00ed DPS, \u0161ablon, missprint\u016f, st\u011brek ze s\u00edtotisku, p\u00e1jec\u00edch r\u00e1m\u016f, filtr\u016f z reflow pece a mnoho dal\u0161\u00edho.<\/p>\n","protected":false},"featured_media":0,"parent":0,"menu_order":0,"template":"template-product.php","meta":{"_uf_show_specific_survey":0,"_uf_disable_surveys":false},"categories":[123],"class_list":["post-219","product","type-product","status-publish","hentry","category-cleaning-machines-mycky"],"aioseo_notices":[],"_links":{"self":[{"href":"https:\/\/amtest-group.com\/cs\/wp-json\/wp\/v2\/product\/219","targetHints":{"allow":["GET"]}}],"collection":[{"href":"https:\/\/amtest-group.com\/cs\/wp-json\/wp\/v2\/product"}],"about":[{"href":"https:\/\/amtest-group.com\/cs\/wp-json\/wp\/v2\/types\/product"}],"wp:attachment":[{"href":"https:\/\/amtest-group.com\/cs\/wp-json\/wp\/v2\/media?parent=219"}],"wp:term":[{"taxonomy":"category","embeddable":true,"href":"https:\/\/amtest-group.com\/cs\/wp-json\/wp\/v2\/categories?post=219"}],"curies":[{"name":"wp","href":"https:\/\/api.w.org\/{rel}","templated":true}]}}