{"id":218,"date":"2023-04-19T12:29:42","date_gmt":"2023-04-19T10:29:42","guid":{"rendered":"https:\/\/amtest.virtus3-projekti.com\/?post_type=product&#038;p=218"},"modified":"2023-05-25T16:20:21","modified_gmt":"2023-05-25T14:20:21","slug":"r2r","status":"publish","type":"product","link":"https:\/\/amtest-group.com\/cs\/product\/r2r\/","title":{"rendered":"R2R"},"content":{"rendered":"<p><b>R2R<\/b><span style=\"font-weight: 400;\"> je jedn\u00edm z l\u00eddr\u016f v oblasti \u010distic\u00edch spot\u0159ebn\u00edch materi\u00e1l\u016f pro s\u00edtotiskov\u00fd pr\u016fmysl a nab\u00edz\u00ed \u0161irok\u00fd v\u00fdb\u011br r\u016fzn\u00fdch produkt\u016f za velmi p\u0159ijateln\u00e9 ceny.<\/span><\/p>\n<p><b>R2R<\/b><span style=\"font-weight: 400;\"> vyr\u00e1b\u00ed a upravuje \u010dist\u00edc\u00ed role pro SMT s\u00edtotisky ji\u017e v\u00edce ne\u017e 20 let.<\/span><\/p>\n","protected":false},"excerpt":{"rendered":"<p>R2R je jedn\u00edm z l\u00eddr\u016f v oblasti \u010distic\u00edch spot\u0159ebn\u00edch materi\u00e1l\u016f pro s\u00edtotiskov\u00fd pr\u016fmysl a nab\u00edz\u00ed \u0161irok\u00fd v\u00fdb\u011br r\u016fzn\u00fdch produkt\u016f za velmi p\u0159ijateln\u00e9 ceny. R2R vyr\u00e1b\u00ed a upravuje \u010dist\u00edc\u00ed role pro SMT s\u00edtotisky ji\u017e v\u00edce ne\u017e 20 let.<\/p>\n","protected":false},"featured_media":0,"parent":0,"menu_order":0,"template":"template-product.php","meta":{"_uf_show_specific_survey":0,"_uf_disable_surveys":false},"categories":[122],"class_list":["post-218","product","type-product","status-publish","hentry","category-spotrebni-materialy"],"aioseo_notices":[],"_links":{"self":[{"href":"https:\/\/amtest-group.com\/cs\/wp-json\/wp\/v2\/product\/218","targetHints":{"allow":["GET"]}}],"collection":[{"href":"https:\/\/amtest-group.com\/cs\/wp-json\/wp\/v2\/product"}],"about":[{"href":"https:\/\/amtest-group.com\/cs\/wp-json\/wp\/v2\/types\/product"}],"wp:attachment":[{"href":"https:\/\/amtest-group.com\/cs\/wp-json\/wp\/v2\/media?parent=218"}],"wp:term":[{"taxonomy":"category","embeddable":true,"href":"https:\/\/amtest-group.com\/cs\/wp-json\/wp\/v2\/categories?post=218"}],"curies":[{"name":"wp","href":"https:\/\/api.w.org\/{rel}","templated":true}]}}