{"id":217,"date":"2023-04-19T12:28:07","date_gmt":"2023-04-19T10:28:07","guid":{"rendered":"https:\/\/amtest.virtus3-projekti.com\/?post_type=product&#038;p=217"},"modified":"2023-05-25T16:18:07","modified_gmt":"2023-05-25T14:18:07","slug":"qualitek","status":"publish","type":"product","link":"https:\/\/amtest-group.com\/cs\/product\/qualitek\/","title":{"rendered":"Qualitek"},"content":{"rendered":"<p><b>Qualitek<\/b><span style=\"font-weight: 400;\"> m\u00e1 v\u00edce ne\u017e 40 let zku\u0161enost\u00ed ve v\u00fdrob\u011b p\u00e1jec\u00edch materi\u00e1l\u016f v celosv\u011btov\u00e9m m\u011b\u0159\u00edtku.<\/span><\/p>\n<p><span style=\"font-weight: 400;\">Spole\u010dnost <\/span><b>Qualitek<\/b><span style=\"font-weight: 400;\">, zalo\u017een\u00e1 v roce 1980, pokr\u00fdv\u00e1 produkty zna\u010dek Delta\u00ae a Qualitek\u00ae, kter\u00e9 jsou zn\u00e1m\u00e9 svou vysokou kvalitou a vynikaj\u00edc\u00edm v\u00fdkonem.<\/span><\/p>\n","protected":false},"excerpt":{"rendered":"<p>Qualitek m\u00e1 v\u00edce ne\u017e 40 let zku\u0161enost\u00ed ve v\u00fdrob\u011b p\u00e1jec\u00edch materi\u00e1l\u016f v celosv\u011btov\u00e9m m\u011b\u0159\u00edtku. Spole\u010dnost Qualitek, zalo\u017een\u00e1 v roce 1980, pokr\u00fdv\u00e1 produkty zna\u010dek Delta\u00ae a Qualitek\u00ae, kter\u00e9 jsou zn\u00e1m\u00e9 svou vysokou kvalitou a vynikaj\u00edc\u00edm v\u00fdkonem.<\/p>\n","protected":false},"featured_media":0,"parent":0,"menu_order":0,"template":"template-product.php","meta":{"_uf_show_specific_survey":0,"_uf_disable_surveys":false},"categories":[122],"class_list":["post-217","product","type-product","status-publish","hentry","category-spotrebni-materialy"],"aioseo_notices":[],"_links":{"self":[{"href":"https:\/\/amtest-group.com\/cs\/wp-json\/wp\/v2\/product\/217","targetHints":{"allow":["GET"]}}],"collection":[{"href":"https:\/\/amtest-group.com\/cs\/wp-json\/wp\/v2\/product"}],"about":[{"href":"https:\/\/amtest-group.com\/cs\/wp-json\/wp\/v2\/types\/product"}],"wp:attachment":[{"href":"https:\/\/amtest-group.com\/cs\/wp-json\/wp\/v2\/media?parent=217"}],"wp:term":[{"taxonomy":"category","embeddable":true,"href":"https:\/\/amtest-group.com\/cs\/wp-json\/wp\/v2\/categories?post=217"}],"curies":[{"name":"wp","href":"https:\/\/api.w.org\/{rel}","templated":true}]}}