{"id":216,"date":"2023-04-19T12:30:41","date_gmt":"2023-04-19T10:30:41","guid":{"rendered":"https:\/\/amtest.virtus3-projekti.com\/?post_type=product&#038;p=216"},"modified":"2023-05-25T12:38:34","modified_gmt":"2023-05-25T10:38:34","slug":"balverzinn","status":"publish","type":"product","link":"https:\/\/amtest-group.com\/cs\/product\/balverzinn\/","title":{"rendered":"Balver Zinn"},"content":{"rendered":"<p><b>Balver Zinn<\/b><span style=\"font-weight: 400;\"> Josef Jost GmbH &amp; Co. KG se s\u00eddlem v N\u011bmecku je jedn\u00edm z p\u0159edn\u00edch v\u00fdrobc\u016f vysoce kvalitn\u00edch anod a slitin, p\u00e1jek a r\u016fzn\u00fdch dr\u00e1t\u016f pro elektronick\u00fd pr\u016fmysl a aplikace pro povrchov\u00e9 \u00fapravy a metalizaci.<\/span><\/p>\n","protected":false},"excerpt":{"rendered":"<p>Balver Zinn Josef Jost GmbH &amp; Co. KG se s\u00eddlem v N\u011bmecku je jedn\u00edm z p\u0159edn\u00edch v\u00fdrobc\u016f vysoce kvalitn\u00edch anod a slitin, p\u00e1jek a r\u016fzn\u00fdch dr\u00e1t\u016f pro elektronick\u00fd pr\u016fmysl a aplikace pro povrchov\u00e9 \u00fapravy a metalizaci.<\/p>\n","protected":false},"featured_media":0,"parent":0,"menu_order":0,"template":"template-product.php","meta":{"_uf_show_specific_survey":0,"_uf_disable_surveys":false},"categories":[122],"class_list":["post-216","product","type-product","status-publish","hentry","category-spotrebni-materialy"],"aioseo_notices":[],"_links":{"self":[{"href":"https:\/\/amtest-group.com\/cs\/wp-json\/wp\/v2\/product\/216","targetHints":{"allow":["GET"]}}],"collection":[{"href":"https:\/\/amtest-group.com\/cs\/wp-json\/wp\/v2\/product"}],"about":[{"href":"https:\/\/amtest-group.com\/cs\/wp-json\/wp\/v2\/types\/product"}],"wp:attachment":[{"href":"https:\/\/amtest-group.com\/cs\/wp-json\/wp\/v2\/media?parent=216"}],"wp:term":[{"taxonomy":"category","embeddable":true,"href":"https:\/\/amtest-group.com\/cs\/wp-json\/wp\/v2\/categories?post=216"}],"curies":[{"name":"wp","href":"https:\/\/api.w.org\/{rel}","templated":true}]}}