{"id":215,"date":"2023-04-19T12:27:29","date_gmt":"2023-04-19T10:27:29","guid":{"rendered":"https:\/\/amtest.virtus3-projekti.com\/?post_type=product&#038;p=215"},"modified":"2023-05-25T12:54:26","modified_gmt":"2023-05-25T10:54:26","slug":"bluiris-fai","status":"publish","type":"product","link":"https:\/\/amtest-group.com\/cs\/product\/bluiris-fai\/","title":{"rendered":"Bluiris (FAI)"},"content":{"rendered":"<p><span style=\"font-weight: 400;\">Shenzhen <\/span><b>Bluiris technology Co.<\/b><span style=\"font-weight: 400;\">, Ltd. je p\u0159edn\u00edm v\u00fdrobcem syst\u00e9mu kontroly prvn\u00edho kusu \u2013 syst\u00e9m pro optickou inspekci a automatizovan\u00e9 testovac\u00ed za\u0159\u00edzen\u00ed.<\/span><\/p>\n","protected":false},"excerpt":{"rendered":"<p>Shenzhen Bluiris technology Co., Ltd. je p\u0159edn\u00edm v\u00fdrobcem syst\u00e9mu kontroly prvn\u00edho kusu \u2013 syst\u00e9m pro optickou inspekci a automatizovan\u00e9 testovac\u00ed za\u0159\u00edzen\u00ed.<\/p>\n","protected":false},"featured_media":0,"parent":0,"menu_order":0,"template":"template-product.php","meta":{"_uf_show_specific_survey":0,"_uf_disable_surveys":false},"categories":[121],"class_list":["post-215","product","type-product","status-publish","hentry","category-testovani"],"aioseo_notices":[],"_links":{"self":[{"href":"https:\/\/amtest-group.com\/cs\/wp-json\/wp\/v2\/product\/215","targetHints":{"allow":["GET"]}}],"collection":[{"href":"https:\/\/amtest-group.com\/cs\/wp-json\/wp\/v2\/product"}],"about":[{"href":"https:\/\/amtest-group.com\/cs\/wp-json\/wp\/v2\/types\/product"}],"wp:attachment":[{"href":"https:\/\/amtest-group.com\/cs\/wp-json\/wp\/v2\/media?parent=215"}],"wp:term":[{"taxonomy":"category","embeddable":true,"href":"https:\/\/amtest-group.com\/cs\/wp-json\/wp\/v2\/categories?post=215"}],"curies":[{"name":"wp","href":"https:\/\/api.w.org\/{rel}","templated":true}]}}