{"id":2134,"date":"2023-04-19T11:20:19","date_gmt":"2023-04-19T09:20:19","guid":{"rendered":"https:\/\/amtest.virtus3-projekti.com\/product\/bdtronic\/"},"modified":"2023-05-25T12:43:44","modified_gmt":"2023-05-25T10:43:44","slug":"bdtronic","status":"publish","type":"product","link":"https:\/\/amtest-group.com\/cs\/product\/bdtronic\/","title":{"rendered":"bdtronic"},"content":{"rendered":"<p>Spole\u010dnost <strong>bdtronic GmbH<\/strong> je p\u0159edn\u00edm sv\u011btov\u00fdm v\u00fdrobcem syst\u00e9m\u016f a procesn\u00edch \u0159e\u0161en\u00ed v oblasti d\u00e1vkovac\u00ed a impregna\u010dn\u00ed techniky, n\u00fdtov\u00e1n\u00ed teplem (plasty) a plazmov\u00e9ho o\u0161et\u0159en\u00ed povrch\u016f.<\/p>\n<p>Se sv\u00fdm \u0161irok\u00fdm portfoliem v\u00fdrobk\u016f nach\u00e1z\u00ed spole\u010dnost <strong>bdtronic<\/strong> uplatn\u011bn\u00ed u z\u00e1kazn\u00edk\u016f z r\u016fzn\u00fdch pr\u016fmyslov\u00fdch odv\u011btv\u00ed, zejm\u00e9na z automobilov\u00e9ho a elektrotechnick\u00e9ho pr\u016fmyslu.<\/p>\n","protected":false},"excerpt":{"rendered":"<p>Spole\u010dnost bdtronic GmbH je p\u0159edn\u00edm sv\u011btov\u00fdm v\u00fdrobcem syst\u00e9m\u016f a procesn\u00edch \u0159e\u0161en\u00ed v oblasti d\u00e1vkovac\u00ed a impregna\u010dn\u00ed techniky, n\u00fdtov\u00e1n\u00ed teplem (plasty) a plazmov\u00e9ho o\u0161et\u0159en\u00ed povrch\u016f. Se sv\u00fdm \u0161irok\u00fdm portfoliem v\u00fdrobk\u016f nach\u00e1z\u00ed spole\u010dnost bdtronic uplatn\u011bn\u00ed u z\u00e1kazn\u00edk\u016f z r\u016fzn\u00fdch pr\u016fmyslov\u00fdch odv\u011btv\u00ed, zejm\u00e9na z automobilov\u00e9ho a elektrotechnick\u00e9ho pr\u016fmyslu.<\/p>\n","protected":false},"featured_media":0,"parent":0,"menu_order":0,"template":"template-product.php","meta":{"_uf_show_specific_survey":0,"_uf_disable_surveys":false},"categories":[107],"class_list":["post-2134","product","type-product","status-publish","hentry","category-dispensing-dispense"],"aioseo_notices":[],"_links":{"self":[{"href":"https:\/\/amtest-group.com\/cs\/wp-json\/wp\/v2\/product\/2134","targetHints":{"allow":["GET"]}}],"collection":[{"href":"https:\/\/amtest-group.com\/cs\/wp-json\/wp\/v2\/product"}],"about":[{"href":"https:\/\/amtest-group.com\/cs\/wp-json\/wp\/v2\/types\/product"}],"wp:attachment":[{"href":"https:\/\/amtest-group.com\/cs\/wp-json\/wp\/v2\/media?parent=2134"}],"wp:term":[{"taxonomy":"category","embeddable":true,"href":"https:\/\/amtest-group.com\/cs\/wp-json\/wp\/v2\/categories?post=2134"}],"curies":[{"name":"wp","href":"https:\/\/api.w.org\/{rel}","templated":true}]}}