{"id":2132,"date":"2023-05-02T11:42:58","date_gmt":"2023-05-02T09:42:58","guid":{"rendered":"https:\/\/amtest.virtus3-projekti.com\/product\/mstech\/"},"modified":"2023-11-13T19:27:25","modified_gmt":"2023-11-13T18:27:25","slug":"mstech","status":"publish","type":"product","link":"https:\/\/amtest-group.com\/cs\/product\/mstech\/","title":{"rendered":"MSTech"},"content":{"rendered":"<p>Spole\u010dnost <strong>MSTECH<\/strong> byla zalo\u017eena v roce 1996 a m\u00e1 v\u00edce ne\u017e 20 let zku\u0161enost\u00ed s poskytov\u00e1n\u00edm automatiza\u010dn\u00edch \u0159e\u0161en\u00ed pro elektronick\u00fd pr\u016fmysl se specializac\u00ed na d\u011blen\u00ed DPS.<\/p>\n<p>V pr\u016fb\u011bhu let si vydobyla vedouc\u00ed postaven\u00ed v r\u016fzn\u00fdch odv\u011btv\u00edch, jako je spot\u0159ebn\u00ed elektronika, mobiln\u00ed telefony a automobilov\u00fd pr\u016fmysl, a p\u0159ekonala po\u017eadavky i t\u011bch nejn\u00e1ro\u010dn\u011bj\u0161\u00edch standard\u016f p\u0159edn\u00edch spole\u010dnost\u00ed.<\/p>\n","protected":false},"excerpt":{"rendered":"<p>Spole\u010dnost MSTECH byla zalo\u017eena v roce 1996 a m\u00e1 v\u00edce ne\u017e 20 let zku\u0161enost\u00ed s poskytov\u00e1n\u00edm automatiza\u010dn\u00edch \u0159e\u0161en\u00ed pro elektronick\u00fd pr\u016fmysl se specializac\u00ed na d\u011blen\u00ed DPS. V pr\u016fb\u011bhu let si vydobyla vedouc\u00ed postaven\u00ed v r\u016fzn\u00fdch odv\u011btv\u00edch, jako je spot\u0159ebn\u00ed elektronika, mobiln\u00ed telefony a automobilov\u00fd pr\u016fmysl, a p\u0159ekonala po\u017eadavky i t\u011bch nejn\u00e1ro\u010dn\u011bj\u0161\u00edch standard\u016f p\u0159edn\u00edch spole\u010dnost\u00ed.<\/p>\n","protected":false},"featured_media":0,"parent":0,"menu_order":0,"template":"template-product.php","meta":{"_uf_show_specific_survey":0,"_uf_disable_surveys":false},"categories":[119],"class_list":["post-2132","product","type-product","status-publish","hentry","category-deleni-dps"],"aioseo_notices":[],"_links":{"self":[{"href":"https:\/\/amtest-group.com\/cs\/wp-json\/wp\/v2\/product\/2132","targetHints":{"allow":["GET"]}}],"collection":[{"href":"https:\/\/amtest-group.com\/cs\/wp-json\/wp\/v2\/product"}],"about":[{"href":"https:\/\/amtest-group.com\/cs\/wp-json\/wp\/v2\/types\/product"}],"wp:attachment":[{"href":"https:\/\/amtest-group.com\/cs\/wp-json\/wp\/v2\/media?parent=2132"}],"wp:term":[{"taxonomy":"category","embeddable":true,"href":"https:\/\/amtest-group.com\/cs\/wp-json\/wp\/v2\/categories?post=2132"}],"curies":[{"name":"wp","href":"https:\/\/api.w.org\/{rel}","templated":true}]}}