{"id":213,"date":"2023-04-19T12:22:54","date_gmt":"2023-04-19T10:22:54","guid":{"rendered":"https:\/\/amtest.virtus3-projekti.com\/?post_type=product&#038;p=213"},"modified":"2023-05-25T14:02:12","modified_gmt":"2023-05-25T12:02:12","slug":"elite-automatic","status":"publish","type":"product","link":"https:\/\/amtest-group.com\/cs\/product\/elite-automatic\/","title":{"rendered":"Elite Automatic"},"content":{"rendered":"<p><span style=\"font-weight: 400;\">Spole\u010dnost <\/span><b>Elite Automatic Co., Ltd<\/b><span style=\"font-weight: 400;\">, kter\u00e1 se v\u011bnuje v\u00fdvoji a zdokonalov\u00e1n\u00ed na\u0161ich produkt\u016f pro na\u0161e klienty, Tchajwansk\u00e1 spole\u010dnost byla zalo\u017eena v roce 1989, od t\u00e9 doby si za posledn\u00edch 30 let vybudovala dobrou pov\u011bst v oboru SMT.<\/span><\/p>\n<p><b>Elite Automation<\/b><span style=\"font-weight: 400;\"> je nejlep\u0161\u00edm \u0159e\u0161en\u00edm pro d\u011blen\u00ed desek plo\u0161n\u00fdch spoj\u016f d\u00edky jednostrann\u00fdm nebo oboustrann\u00fdm off-line \u0159e\u0161en\u00edm nebo jejich inovativn\u00edmi in-line syst\u00e9my.<\/span><\/p>\n","protected":false},"excerpt":{"rendered":"<p>Spole\u010dnost Elite Automatic Co., Ltd, kter\u00e1 se v\u011bnuje v\u00fdvoji a zdokonalov\u00e1n\u00ed na\u0161ich produkt\u016f pro na\u0161e klienty, Tchajwansk\u00e1 spole\u010dnost byla zalo\u017eena v roce 1989, od t\u00e9 doby si za posledn\u00edch 30 let vybudovala dobrou pov\u011bst v oboru SMT. Elite Automation je nejlep\u0161\u00edm \u0159e\u0161en\u00edm pro d\u011blen\u00ed desek plo\u0161n\u00fdch spoj\u016f d\u00edky jednostrann\u00fdm nebo oboustrann\u00fdm off-line \u0159e\u0161en\u00edm nebo jejich [&hellip;]<\/p>\n","protected":false},"featured_media":0,"parent":0,"menu_order":0,"template":"template-product.php","meta":{"_uf_show_specific_survey":0,"_uf_disable_surveys":false},"categories":[119],"class_list":["post-213","product","type-product","status-publish","hentry","category-deleni-dps"],"aioseo_notices":[],"_links":{"self":[{"href":"https:\/\/amtest-group.com\/cs\/wp-json\/wp\/v2\/product\/213","targetHints":{"allow":["GET"]}}],"collection":[{"href":"https:\/\/amtest-group.com\/cs\/wp-json\/wp\/v2\/product"}],"about":[{"href":"https:\/\/amtest-group.com\/cs\/wp-json\/wp\/v2\/types\/product"}],"wp:attachment":[{"href":"https:\/\/amtest-group.com\/cs\/wp-json\/wp\/v2\/media?parent=213"}],"wp:term":[{"taxonomy":"category","embeddable":true,"href":"https:\/\/amtest-group.com\/cs\/wp-json\/wp\/v2\/categories?post=213"}],"curies":[{"name":"wp","href":"https:\/\/api.w.org\/{rel}","templated":true}]}}