{"id":211,"date":"2023-04-19T12:20:36","date_gmt":"2023-04-19T10:20:36","guid":{"rendered":"https:\/\/amtest.virtus3-projekti.com\/?post_type=product&#038;p=211"},"modified":"2023-05-25T13:47:18","modified_gmt":"2023-05-25T11:47:18","slug":"e-flex-smt-microsystems","status":"publish","type":"product","link":"https:\/\/amtest-group.com\/cs\/product\/e-flex-smt-microsystems\/","title":{"rendered":"e-Flex SMT Microsystems"},"content":{"rendered":"<p><span style=\"font-weight: 400;\">Spole\u010dnost s\u00eddl\u00edc\u00ed v Hong Kongu nab\u00edz\u00ed \u0161irok\u00e9 spektrum standardn\u00edch i z\u00e1kaznick\u00fdch \u0159e\u0161en\u00ed pro manipulaci s deskami plo\u0161n\u00fdch spoj\u016f. <\/span><\/p>\n<p><span style=\"font-weight: 400;\">Poskytuj\u00ed \u0159e\u0161en\u00ed pro ka\u017edou pot\u0159ebu za velmi rozumnou cenu.\u00a0 <\/span><\/p>\n","protected":false},"excerpt":{"rendered":"<p>Spole\u010dnost s\u00eddl\u00edc\u00ed v Hong Kongu nab\u00edz\u00ed \u0161irok\u00e9 spektrum standardn\u00edch i z\u00e1kaznick\u00fdch \u0159e\u0161en\u00ed pro manipulaci s deskami plo\u0161n\u00fdch spoj\u016f. Poskytuj\u00ed \u0159e\u0161en\u00ed pro ka\u017edou pot\u0159ebu za velmi rozumnou cenu.\u00a0<\/p>\n","protected":false},"featured_media":0,"parent":0,"menu_order":0,"template":"template-product.php","meta":{"_uf_show_specific_survey":0,"_uf_disable_surveys":false},"categories":[117],"class_list":["post-211","product","type-product","status-publish","hentry","category-automatizace"],"aioseo_notices":[],"_links":{"self":[{"href":"https:\/\/amtest-group.com\/cs\/wp-json\/wp\/v2\/product\/211","targetHints":{"allow":["GET"]}}],"collection":[{"href":"https:\/\/amtest-group.com\/cs\/wp-json\/wp\/v2\/product"}],"about":[{"href":"https:\/\/amtest-group.com\/cs\/wp-json\/wp\/v2\/types\/product"}],"wp:attachment":[{"href":"https:\/\/amtest-group.com\/cs\/wp-json\/wp\/v2\/media?parent=211"}],"wp:term":[{"taxonomy":"category","embeddable":true,"href":"https:\/\/amtest-group.com\/cs\/wp-json\/wp\/v2\/categories?post=211"}],"curies":[{"name":"wp","href":"https:\/\/api.w.org\/{rel}","templated":true}]}}