{"id":2109,"date":"2023-04-19T12:07:30","date_gmt":"2023-04-19T10:07:30","guid":{"rendered":"https:\/\/amtest.virtus3-projekti.com\/product\/autotronik-2\/"},"modified":"2023-05-25T12:30:09","modified_gmt":"2023-05-25T10:30:09","slug":"autotronik-2","status":"publish","type":"product","link":"https:\/\/amtest-group.com\/cs\/product\/autotronik-2\/","title":{"rendered":"Autotronik"},"content":{"rendered":"<p><strong>Autotronik<\/strong> je glob\u00e1ln\u00ed spole\u010dnost s p\u0159ibli\u017en\u011b 200 zam\u011bstnanci. Je specialistou na osazovac\u00ed automaty pro mal\u00e9 a\u017e st\u0159edn\u00ed s\u00e9rie i kompletn\u00ed SMD v\u00fdrobn\u00ed linky.<\/p>\n<p>Jejich glob\u00e1ln\u00ed z\u00e1vazek jim umo\u017e\u0148uje spojit ty nejlep\u0161\u00ed komponenty do v\u00fdjime\u010dn\u00e9ho produktu.<\/p>\n","protected":false},"excerpt":{"rendered":"<p>Autotronik je glob\u00e1ln\u00ed spole\u010dnost s p\u0159ibli\u017en\u011b 200 zam\u011bstnanci. Je specialistou na osazovac\u00ed automaty pro mal\u00e9 a\u017e st\u0159edn\u00ed s\u00e9rie i kompletn\u00ed SMD v\u00fdrobn\u00ed linky. Jejich glob\u00e1ln\u00ed z\u00e1vazek jim umo\u017e\u0148uje spojit ty nejlep\u0161\u00ed komponenty do v\u00fdjime\u010dn\u00e9ho produktu.<\/p>\n","protected":false},"featured_media":0,"parent":0,"menu_order":0,"template":"template-product.php","meta":{"_uf_show_specific_survey":0,"_uf_disable_surveys":false},"categories":[113],"class_list":["post-2109","product","type-product","status-publish","hentry","category-osazovaci-automaty"],"aioseo_notices":[],"_links":{"self":[{"href":"https:\/\/amtest-group.com\/cs\/wp-json\/wp\/v2\/product\/2109","targetHints":{"allow":["GET"]}}],"collection":[{"href":"https:\/\/amtest-group.com\/cs\/wp-json\/wp\/v2\/product"}],"about":[{"href":"https:\/\/amtest-group.com\/cs\/wp-json\/wp\/v2\/types\/product"}],"wp:attachment":[{"href":"https:\/\/amtest-group.com\/cs\/wp-json\/wp\/v2\/media?parent=2109"}],"wp:term":[{"taxonomy":"category","embeddable":true,"href":"https:\/\/amtest-group.com\/cs\/wp-json\/wp\/v2\/categories?post=2109"}],"curies":[{"name":"wp","href":"https:\/\/api.w.org\/{rel}","templated":true}]}}