{"id":208,"date":"2023-04-19T12:17:10","date_gmt":"2023-04-19T10:17:10","guid":{"rendered":"https:\/\/amtest.virtus3-projekti.com\/?post_type=product&#038;p=208"},"modified":"2023-05-25T14:48:26","modified_gmt":"2023-05-25T12:48:26","slug":"heller-industries","status":"publish","type":"product","link":"https:\/\/amtest-group.com\/cs\/product\/heller-industries\/","title":{"rendered":"Heller Industries"},"content":{"rendered":"<p><b>Heller Industries<\/b><span style=\"font-weight: 400;\"> \u2013 glob\u00e1ln\u00ed l\u00eddr na trhu p\u0159etavovac\u00edch a vytvrzovac\u00edch pec\u00ed pro SMT a polovodi\u010dov\u00e9 (k\u0159em\u00edkov\u00e9) aplikace. Spole\u010dnost byla zalo\u017eena v roce 1960 v\u00a0USA a je st\u00e1le v soukrom\u00e9m vlastnictv\u00ed.<\/span><\/p>\n<p><span style=\"font-weight: 400;\">Nejkrat\u0161\u00ed p\u0159etavovac\u00ed z\u00f3ny v oboru poskytuj\u00ed nejlep\u0161\u00ed flexibilitu, stabilitu a kontrolu p\u00e1jec\u00edch profil\u016f. Kr\u00e1tk\u00e1 celkov\u00e1 d\u00e9lka p\u00e1jec\u00edch syst\u00e9m\u016f je dal\u0161\u00edm d\u016fle\u017eit\u00fdm faktem, kter\u00fd hraje roli v rozhodovac\u00edm procesu.<\/span><\/p>\n","protected":false},"excerpt":{"rendered":"<p>Heller Industries \u2013 glob\u00e1ln\u00ed l\u00eddr na trhu p\u0159etavovac\u00edch a vytvrzovac\u00edch pec\u00ed pro SMT a polovodi\u010dov\u00e9 (k\u0159em\u00edkov\u00e9) aplikace. Spole\u010dnost byla zalo\u017eena v roce 1960 v\u00a0USA a je st\u00e1le v soukrom\u00e9m vlastnictv\u00ed. Nejkrat\u0161\u00ed p\u0159etavovac\u00ed z\u00f3ny v oboru poskytuj\u00ed nejlep\u0161\u00ed flexibilitu, stabilitu a kontrolu p\u00e1jec\u00edch profil\u016f. Kr\u00e1tk\u00e1 celkov\u00e1 d\u00e9lka p\u00e1jec\u00edch syst\u00e9m\u016f je dal\u0161\u00edm d\u016fle\u017eit\u00fdm faktem, kter\u00fd hraje roli [&hellip;]<\/p>\n","protected":false},"featured_media":0,"parent":0,"menu_order":0,"template":"template-product.php","meta":{"_uf_show_specific_survey":0,"_uf_disable_surveys":false},"categories":[115],"class_list":["post-208","product","type-product","status-publish","hentry","category-pretavovaci-pece"],"aioseo_notices":[],"_links":{"self":[{"href":"https:\/\/amtest-group.com\/cs\/wp-json\/wp\/v2\/product\/208","targetHints":{"allow":["GET"]}}],"collection":[{"href":"https:\/\/amtest-group.com\/cs\/wp-json\/wp\/v2\/product"}],"about":[{"href":"https:\/\/amtest-group.com\/cs\/wp-json\/wp\/v2\/types\/product"}],"wp:attachment":[{"href":"https:\/\/amtest-group.com\/cs\/wp-json\/wp\/v2\/media?parent=208"}],"wp:term":[{"taxonomy":"category","embeddable":true,"href":"https:\/\/amtest-group.com\/cs\/wp-json\/wp\/v2\/categories?post=208"}],"curies":[{"name":"wp","href":"https:\/\/api.w.org\/{rel}","templated":true}]}}