{"id":203,"date":"2023-04-19T12:08:24","date_gmt":"2023-04-19T10:08:24","guid":{"rendered":"https:\/\/amtest.virtus3-projekti.com\/?post_type=product&#038;p=203"},"modified":"2023-09-06T12:50:34","modified_gmt":"2023-09-06T10:50:34","slug":"hanwha-techwin","status":"publish","type":"product","link":"https:\/\/amtest-group.com\/cs\/product\/hanwha-techwin\/","title":{"rendered":"Hanwha Techwin"},"content":{"rendered":"<p><span style=\"font-weight: 400;\">Osazovac\u00ed automaty <\/span><b>Hanwha<\/b><span style=\"font-weight: 400;\"> \u2013 v\u00fdrobce d\u0159\u00edve zn\u00e1m\u00fd jako Samsung Techwin m\u00e1 komplexn\u00ed portfolio \u0159e\u0161en\u00ed pokr\u00fdvaj\u00edc\u00ed od velk\u00e9ho mixu, mal\u00fdch s\u00e9ri\u00ed typu v\u00fdroby a\u017e po velkoobjemov\u00e9 v\u00fdrobn\u00ed aplikace.<\/span><\/p>\n","protected":false},"excerpt":{"rendered":"<p>Osazovac\u00ed automaty Hanwha \u2013 v\u00fdrobce d\u0159\u00edve zn\u00e1m\u00fd jako Samsung Techwin m\u00e1 komplexn\u00ed portfolio \u0159e\u0161en\u00ed pokr\u00fdvaj\u00edc\u00ed od velk\u00e9ho mixu, mal\u00fdch s\u00e9ri\u00ed typu v\u00fdroby a\u017e po velkoobjemov\u00e9 v\u00fdrobn\u00ed aplikace.<\/p>\n","protected":false},"featured_media":0,"parent":0,"menu_order":0,"template":"template-product.php","meta":{"_uf_show_specific_survey":0,"_uf_disable_surveys":false},"categories":[113],"class_list":["post-203","product","type-product","status-publish","hentry","category-osazovaci-automaty"],"aioseo_notices":[],"_links":{"self":[{"href":"https:\/\/amtest-group.com\/cs\/wp-json\/wp\/v2\/product\/203","targetHints":{"allow":["GET"]}}],"collection":[{"href":"https:\/\/amtest-group.com\/cs\/wp-json\/wp\/v2\/product"}],"about":[{"href":"https:\/\/amtest-group.com\/cs\/wp-json\/wp\/v2\/types\/product"}],"wp:attachment":[{"href":"https:\/\/amtest-group.com\/cs\/wp-json\/wp\/v2\/media?parent=203"}],"wp:term":[{"taxonomy":"category","embeddable":true,"href":"https:\/\/amtest-group.com\/cs\/wp-json\/wp\/v2\/categories?post=203"}],"curies":[{"name":"wp","href":"https:\/\/api.w.org\/{rel}","templated":true}]}}