{"id":202,"date":"2023-04-19T11:38:17","date_gmt":"2023-04-19T09:38:17","guid":{"rendered":"https:\/\/amtest.virtus3-projekti.com\/?post_type=product&#038;p=202"},"modified":"2023-05-25T16:22:51","modified_gmt":"2023-05-25T14:22:51","slug":"retronix","status":"publish","type":"product","link":"https:\/\/amtest-group.com\/cs\/product\/retronix\/","title":{"rendered":"Retronix"},"content":{"rendered":"<p><span style=\"font-weight: 400;\">Firma <\/span><b>Retronix<\/b><span style=\"font-weight: 400;\"> byla zalo\u017eena v roce 1992. Nab\u00edz\u00ed jedine\u010dnou sadu technologick\u00fdch \u0159e\u0161en\u00ed, jejich\u017e c\u00edlem je zv\u00fd\u0161it spolehlivost elektroniky a sn\u00ed\u017eit v\u00fdrobn\u00ed n\u00e1klady opravou a recyklac\u00ed sou\u010d\u00e1stek z osazen\u00fdch DPS.<\/span><\/p>\n","protected":false},"excerpt":{"rendered":"<p>Firma Retronix byla zalo\u017eena v roce 1992. Nab\u00edz\u00ed jedine\u010dnou sadu technologick\u00fdch \u0159e\u0161en\u00ed, jejich\u017e c\u00edlem je zv\u00fd\u0161it spolehlivost elektroniky a sn\u00ed\u017eit v\u00fdrobn\u00ed n\u00e1klady opravou a recyklac\u00ed sou\u010d\u00e1stek z osazen\u00fdch DPS.<\/p>\n","protected":false},"featured_media":0,"parent":0,"menu_order":0,"template":"template-product.php","meta":{"_uf_show_specific_survey":0,"_uf_disable_surveys":false},"categories":[112],"class_list":["post-202","product","type-product","status-publish","hentry","category-rework-cs"],"aioseo_notices":[],"_links":{"self":[{"href":"https:\/\/amtest-group.com\/cs\/wp-json\/wp\/v2\/product\/202","targetHints":{"allow":["GET"]}}],"collection":[{"href":"https:\/\/amtest-group.com\/cs\/wp-json\/wp\/v2\/product"}],"about":[{"href":"https:\/\/amtest-group.com\/cs\/wp-json\/wp\/v2\/types\/product"}],"wp:attachment":[{"href":"https:\/\/amtest-group.com\/cs\/wp-json\/wp\/v2\/media?parent=202"}],"wp:term":[{"taxonomy":"category","embeddable":true,"href":"https:\/\/amtest-group.com\/cs\/wp-json\/wp\/v2\/categories?post=202"}],"curies":[{"name":"wp","href":"https:\/\/api.w.org\/{rel}","templated":true}]}}