{"id":201,"date":"2023-04-19T11:36:24","date_gmt":"2023-04-19T09:36:24","guid":{"rendered":"https:\/\/amtest.virtus3-projekti.com\/?post_type=product&#038;p=201"},"modified":"2023-05-25T15:02:04","modified_gmt":"2023-05-25T13:02:04","slug":"jbc","status":"publish","type":"product","link":"https:\/\/amtest-group.com\/cs\/product\/jbc\/","title":{"rendered":"JBC"},"content":{"rendered":"<p><span style=\"font-weight: 400;\">Firma <\/span><b>JBC<\/b><span style=\"font-weight: 400;\"> je p\u0159edn\u00edm v\u00fdrobcem za\u0159\u00edzen\u00ed pro manu\u00e1ln\u00ed p\u00e1jen\u00ed a opravu DPS. <\/span><\/p>\n<p><span style=\"font-weight: 400;\">V\u00edce ne\u017e 90 let zku\u0161enost\u00ed postavilo <\/span><b>JBC<\/b><span style=\"font-weight: 400;\"> do pop\u0159ed\u00ed technologie souvisej\u00edc\u00ed s n\u00e1stroji pro p\u00e1jen\u00ed a opravy v elektronice.<\/span><\/p>\n","protected":false},"excerpt":{"rendered":"<p>Firma JBC je p\u0159edn\u00edm v\u00fdrobcem za\u0159\u00edzen\u00ed pro manu\u00e1ln\u00ed p\u00e1jen\u00ed a opravu DPS. V\u00edce ne\u017e 90 let zku\u0161enost\u00ed postavilo JBC do pop\u0159ed\u00ed technologie souvisej\u00edc\u00ed s n\u00e1stroji pro p\u00e1jen\u00ed a opravy v elektronice.<\/p>\n","protected":false},"featured_media":0,"parent":0,"menu_order":0,"template":"template-product.php","meta":{"_uf_show_specific_survey":0,"_uf_disable_surveys":false},"categories":[111],"class_list":["post-201","product","type-product","status-publish","hentry","category-rucni-pajeni"],"aioseo_notices":[],"_links":{"self":[{"href":"https:\/\/amtest-group.com\/cs\/wp-json\/wp\/v2\/product\/201","targetHints":{"allow":["GET"]}}],"collection":[{"href":"https:\/\/amtest-group.com\/cs\/wp-json\/wp\/v2\/product"}],"about":[{"href":"https:\/\/amtest-group.com\/cs\/wp-json\/wp\/v2\/types\/product"}],"wp:attachment":[{"href":"https:\/\/amtest-group.com\/cs\/wp-json\/wp\/v2\/media?parent=201"}],"wp:term":[{"taxonomy":"category","embeddable":true,"href":"https:\/\/amtest-group.com\/cs\/wp-json\/wp\/v2\/categories?post=201"}],"curies":[{"name":"wp","href":"https:\/\/api.w.org\/{rel}","templated":true}]}}