{"id":200,"date":"2023-04-19T11:35:35","date_gmt":"2023-04-19T09:35:35","guid":{"rendered":"https:\/\/amtest.virtus3-projekti.com\/?post_type=product&#038;p=200"},"modified":"2023-05-25T16:01:15","modified_gmt":"2023-05-25T14:01:15","slug":"nordson-select","status":"publish","type":"product","link":"https:\/\/amtest-group.com\/cs\/product\/nordson-select\/","title":{"rendered":"Nordson Select"},"content":{"rendered":"<p><b>Nordson Select<\/b><span style=\"font-weight: 400;\"> \u2013 zapsan\u00e1 na burzovn\u00edm trhu USA NASDAQ s v\u00fdrobn\u00edm z\u00e1vodem Nordson Select v N\u011bmecku. Nordson Select je dynamicky rostouc\u00edm v\u00fdrobcem stroj\u016f selektivn\u00edho p\u00e1jen\u00ed.<\/span><\/p>\n","protected":false},"excerpt":{"rendered":"<p>Nordson Select \u2013 zapsan\u00e1 na burzovn\u00edm trhu USA NASDAQ s v\u00fdrobn\u00edm z\u00e1vodem Nordson Select v N\u011bmecku. Nordson Select je dynamicky rostouc\u00edm v\u00fdrobcem stroj\u016f selektivn\u00edho p\u00e1jen\u00ed.<\/p>\n","protected":false},"featured_media":0,"parent":0,"menu_order":0,"template":"template-product.php","meta":{"_uf_show_specific_survey":0,"_uf_disable_surveys":false},"categories":[110],"class_list":["post-200","product","type-product","status-publish","hentry","category-selektivni-pajeni"],"aioseo_notices":[],"_links":{"self":[{"href":"https:\/\/amtest-group.com\/cs\/wp-json\/wp\/v2\/product\/200","targetHints":{"allow":["GET"]}}],"collection":[{"href":"https:\/\/amtest-group.com\/cs\/wp-json\/wp\/v2\/product"}],"about":[{"href":"https:\/\/amtest-group.com\/cs\/wp-json\/wp\/v2\/types\/product"}],"wp:attachment":[{"href":"https:\/\/amtest-group.com\/cs\/wp-json\/wp\/v2\/media?parent=200"}],"wp:term":[{"taxonomy":"category","embeddable":true,"href":"https:\/\/amtest-group.com\/cs\/wp-json\/wp\/v2\/categories?post=200"}],"curies":[{"name":"wp","href":"https:\/\/api.w.org\/{rel}","templated":true}]}}