{"id":199,"date":"2023-04-19T11:27:33","date_gmt":"2023-04-19T09:27:33","guid":{"rendered":"https:\/\/amtest.virtus3-projekti.com\/?post_type=product&#038;p=199"},"modified":"2023-05-25T13:26:37","modified_gmt":"2023-05-25T11:26:37","slug":"cyberoptics","status":"publish","type":"product","link":"https:\/\/amtest-group.com\/cs\/product\/cyberoptics\/","title":{"rendered":"CyberOptics"},"content":{"rendered":"<p><b>CyberOptics<\/b><span style=\"font-weight: 400;\"> je p\u0159edn\u00ed sv\u011btov\u00fd v\u00fdvoj\u00e1\u0159 a v\u00fdrobce vysoce p\u0159esn\u00e9ho \u0159e\u0161en\u00ed technologie 3D sn\u00edm\u00e1n\u00ed.<\/span><\/p>\n<p><span style=\"font-weight: 400;\"><strong>SQ3000<\/strong> je \u0159e\u0161en\u00ed typu v\u0161e v jednom, kter\u00e9 je nabit\u00e9 v\u00fdkonn\u00fdmi n\u00e1stroji, kter\u00e9 pokr\u00fdvaj\u00ed kontrolu a m\u011b\u0159en\u00ed pro aplikace AOI, SPI a CMM.<\/span><\/p>\n","protected":false},"excerpt":{"rendered":"<p>CyberOptics je p\u0159edn\u00ed sv\u011btov\u00fd v\u00fdvoj\u00e1\u0159 a v\u00fdrobce vysoce p\u0159esn\u00e9ho \u0159e\u0161en\u00ed technologie 3D sn\u00edm\u00e1n\u00ed. SQ3000 je \u0159e\u0161en\u00ed typu v\u0161e v jednom, kter\u00e9 je nabit\u00e9 v\u00fdkonn\u00fdmi n\u00e1stroji, kter\u00e9 pokr\u00fdvaj\u00ed kontrolu a m\u011b\u0159en\u00ed pro aplikace AOI, SPI a CMM.<\/p>\n","protected":false},"featured_media":0,"parent":0,"menu_order":0,"template":"template-product.php","meta":{"_uf_show_specific_survey":0,"_uf_disable_surveys":false},"categories":[109],"class_list":["post-199","product","type-product","status-publish","hentry","category-3d-aoi-3d-spi-cmm"],"aioseo_notices":[],"_links":{"self":[{"href":"https:\/\/amtest-group.com\/cs\/wp-json\/wp\/v2\/product\/199","targetHints":{"allow":["GET"]}}],"collection":[{"href":"https:\/\/amtest-group.com\/cs\/wp-json\/wp\/v2\/product"}],"about":[{"href":"https:\/\/amtest-group.com\/cs\/wp-json\/wp\/v2\/types\/product"}],"wp:attachment":[{"href":"https:\/\/amtest-group.com\/cs\/wp-json\/wp\/v2\/media?parent=199"}],"wp:term":[{"taxonomy":"category","embeddable":true,"href":"https:\/\/amtest-group.com\/cs\/wp-json\/wp\/v2\/categories?post=199"}],"curies":[{"name":"wp","href":"https:\/\/api.w.org\/{rel}","templated":true}]}}