{"id":198,"date":"2023-04-19T11:27:58","date_gmt":"2023-04-19T09:27:58","guid":{"rendered":"https:\/\/amtest.virtus3-projekti.com\/?post_type=product&#038;p=198"},"modified":"2023-05-25T14:55:55","modified_gmt":"2023-05-25T12:55:55","slug":"humiseal","status":"publish","type":"product","link":"https:\/\/amtest-group.com\/cs\/product\/humiseal\/","title":{"rendered":"HumiSeal"},"content":{"rendered":"<p><b>HumiSeal <\/b><span style=\"font-weight: 400;\">\u2013 sou\u010d\u00e1st Americk\u00e9 korporace Chase s v\u00fdrobn\u00edmi z\u00e1vody ve Spojen\u00fdch st\u00e1tech, Anglii a Indii.<\/span><\/p>\n<p><span style=\"font-weight: 400;\">S v\u00edce ne\u017e 50letou histori\u00ed ve v\u00fdrob\u011b selektivn\u00edch n\u00e1t\u011brov\u00fdch hmot a lak\u016f nab\u00edzej\u00ed celou \u0159adu akryl\u00e1tov\u00fdch, uretanov\u00fdch, silikonov\u00fdch ochrann\u00fdch materi\u00e1l\u016f s r\u016fzn\u00fdmi metodami su\u0161en\u00ed a vytvrzov\u00e1n\u00ed \u2013 od tepeln\u00e9ho vytvrzov\u00e1n\u00ed, vytvrzov\u00e1n\u00ed vlhkost\u00ed a UV z\u00e1\u0159en\u00ed v\u010d. UV LED.\u00a0<\/span><\/p>\n","protected":false},"excerpt":{"rendered":"<p>HumiSeal \u2013 sou\u010d\u00e1st Americk\u00e9 korporace Chase s v\u00fdrobn\u00edmi z\u00e1vody ve Spojen\u00fdch st\u00e1tech, Anglii a Indii. S v\u00edce ne\u017e 50letou histori\u00ed ve v\u00fdrob\u011b selektivn\u00edch n\u00e1t\u011brov\u00fdch hmot a lak\u016f nab\u00edzej\u00ed celou \u0159adu akryl\u00e1tov\u00fdch, uretanov\u00fdch, silikonov\u00fdch ochrann\u00fdch materi\u00e1l\u016f s r\u016fzn\u00fdmi metodami su\u0161en\u00ed a vytvrzov\u00e1n\u00ed \u2013 od tepeln\u00e9ho vytvrzov\u00e1n\u00ed, vytvrzov\u00e1n\u00ed vlhkost\u00ed a UV z\u00e1\u0159en\u00ed v\u010d. UV LED.\u00a0<\/p>\n","protected":false},"featured_media":0,"parent":0,"menu_order":0,"template":"template-product.php","meta":{"_uf_show_specific_survey":0,"_uf_disable_surveys":false},"categories":[108],"class_list":["post-198","product","type-product","status-publish","hentry","category-laky"],"aioseo_notices":[],"_links":{"self":[{"href":"https:\/\/amtest-group.com\/cs\/wp-json\/wp\/v2\/product\/198","targetHints":{"allow":["GET"]}}],"collection":[{"href":"https:\/\/amtest-group.com\/cs\/wp-json\/wp\/v2\/product"}],"about":[{"href":"https:\/\/amtest-group.com\/cs\/wp-json\/wp\/v2\/types\/product"}],"wp:attachment":[{"href":"https:\/\/amtest-group.com\/cs\/wp-json\/wp\/v2\/media?parent=198"}],"wp:term":[{"taxonomy":"category","embeddable":true,"href":"https:\/\/amtest-group.com\/cs\/wp-json\/wp\/v2\/categories?post=198"}],"curies":[{"name":"wp","href":"https:\/\/api.w.org\/{rel}","templated":true}]}}