{"id":197,"date":"2023-05-12T11:11:54","date_gmt":"2023-05-12T09:11:54","guid":{"rendered":"https:\/\/amtest.virtus3-projekti.com\/?post_type=product&#038;p=197"},"modified":"2023-05-25T15:44:31","modified_gmt":"2023-05-25T13:44:31","slug":"nordson-asymtek-3","status":"publish","type":"product","link":"https:\/\/amtest-group.com\/cs\/product\/nordson-asymtek-3\/","title":{"rendered":"Nordson Asymtek"},"content":{"rendered":"<p><b>Nordson ASYMTEK<\/b><span style=\"font-weight: 400;\"> \u2013 zapsan\u00e1 na burzovn\u00ed trhu USA NASDAQ s\u00a0v\u00fdrobn\u00edmi z\u00e1vody v\u00a0USA je sv\u011btov\u00fdm n\u011bkolikan\u00e1sobn\u00fdm dr\u017eitelem ocen\u011bn\u00ed pro automatizovan\u00e9 syst\u00e9my a za\u0159\u00edzen\u00ed pro nan\u00e1\u0161en\u00ed tekutin s\u00a0vysokou rychlost\u00ed a p\u0159esnost\u00ed pro ty nejn\u00e1ro\u010dn\u011bj\u0161\u00ed aplikace. <\/span><\/p>\n<p><span style=\"font-weight: 400;\">Rovn\u011b\u017e dod\u00e1v\u00e1 oce\u0148ovan\u00e9 bezkontaktn\u00ed Jet ventily, kter\u00e9 d\u00e1vkuj\u00ed \u0161irokou \u0161k\u00e1lu kapalin, pro spln\u011bn\u00ed t\u011bch nejn\u00e1ro\u010dn\u011bj\u0161\u00edch po\u017eadavk\u016f.<\/span><\/p>\n","protected":false},"excerpt":{"rendered":"<p>Nordson ASYMTEK \u2013 zapsan\u00e1 na burzovn\u00ed trhu USA NASDAQ s\u00a0v\u00fdrobn\u00edmi z\u00e1vody v\u00a0USA je sv\u011btov\u00fdm n\u011bkolikan\u00e1sobn\u00fdm dr\u017eitelem ocen\u011bn\u00ed pro automatizovan\u00e9 syst\u00e9my a za\u0159\u00edzen\u00ed pro nan\u00e1\u0161en\u00ed tekutin s\u00a0vysokou rychlost\u00ed a p\u0159esnost\u00ed pro ty nejn\u00e1ro\u010dn\u011bj\u0161\u00ed aplikace. Rovn\u011b\u017e dod\u00e1v\u00e1 oce\u0148ovan\u00e9 bezkontaktn\u00ed Jet ventily, kter\u00e9 d\u00e1vkuj\u00ed \u0161irokou \u0161k\u00e1lu kapalin, pro spln\u011bn\u00ed t\u011bch nejn\u00e1ro\u010dn\u011bj\u0161\u00edch po\u017eadavk\u016f.<\/p>\n","protected":false},"featured_media":0,"parent":0,"menu_order":0,"template":"template-product.php","meta":{"_uf_show_specific_survey":0,"_uf_disable_surveys":false},"categories":[107],"class_list":["post-197","product","type-product","status-publish","hentry","category-dispensing-dispense"],"aioseo_notices":[],"_links":{"self":[{"href":"https:\/\/amtest-group.com\/cs\/wp-json\/wp\/v2\/product\/197","targetHints":{"allow":["GET"]}}],"collection":[{"href":"https:\/\/amtest-group.com\/cs\/wp-json\/wp\/v2\/product"}],"about":[{"href":"https:\/\/amtest-group.com\/cs\/wp-json\/wp\/v2\/types\/product"}],"wp:attachment":[{"href":"https:\/\/amtest-group.com\/cs\/wp-json\/wp\/v2\/media?parent=197"}],"wp:term":[{"taxonomy":"category","embeddable":true,"href":"https:\/\/amtest-group.com\/cs\/wp-json\/wp\/v2\/categories?post=197"}],"curies":[{"name":"wp","href":"https:\/\/api.w.org\/{rel}","templated":true}]}}