{"id":196,"date":"2023-04-19T11:20:13","date_gmt":"2023-04-19T09:20:13","guid":{"rendered":"https:\/\/amtest.virtus3-projekti.com\/?post_type=product&#038;p=196"},"modified":"2023-05-25T15:34:18","modified_gmt":"2023-05-25T13:34:18","slug":"nordson-asymtek-2","status":"publish","type":"product","link":"https:\/\/amtest-group.com\/cs\/product\/nordson-asymtek-2\/","title":{"rendered":"Nordson Asymtek"},"content":{"rendered":"<p><span style=\"font-weight: 400;\">Po \u00fasp\u011b\u0161n\u00e9m zaveden\u00ed konceptu automatick\u00e9 kontroly nanesen\u00e9ho filmu laku se za\u0159\u00edzen\u00ed <\/span><b>Nordson Asymtek<\/b><span style=\"font-weight: 400;\"> FX-940UV stalo ned\u00edlnou sou\u010d\u00e1st\u00ed komplexn\u00edch linek pro lakov\u00e1n\u00ed desek plo\u0161n\u00fdch spoj\u016f a stalo se leaderem v\u00a0kontrole nanesen\u00ed kapalin v\u00a0elektrotechnick\u00e9 v\u00fdrob\u011b.<\/span><\/p>\n","protected":false},"excerpt":{"rendered":"<p>Po \u00fasp\u011b\u0161n\u00e9m zaveden\u00ed konceptu automatick\u00e9 kontroly nanesen\u00e9ho filmu laku se za\u0159\u00edzen\u00ed Nordson Asymtek FX-940UV stalo ned\u00edlnou sou\u010d\u00e1st\u00ed komplexn\u00edch linek pro lakov\u00e1n\u00ed desek plo\u0161n\u00fdch spoj\u016f a stalo se leaderem v\u00a0kontrole nanesen\u00ed kapalin v\u00a0elektrotechnick\u00e9 v\u00fdrob\u011b.<\/p>\n","protected":false},"featured_media":0,"parent":0,"menu_order":0,"template":"template-product.php","meta":{"_uf_show_specific_survey":0,"_uf_disable_surveys":false},"categories":[106],"class_list":["post-196","product","type-product","status-publish","hentry","category-automaticka-opticka-inspekce-naneseneho-filmu-laku"],"aioseo_notices":[],"_links":{"self":[{"href":"https:\/\/amtest-group.com\/cs\/wp-json\/wp\/v2\/product\/196","targetHints":{"allow":["GET"]}}],"collection":[{"href":"https:\/\/amtest-group.com\/cs\/wp-json\/wp\/v2\/product"}],"about":[{"href":"https:\/\/amtest-group.com\/cs\/wp-json\/wp\/v2\/types\/product"}],"wp:attachment":[{"href":"https:\/\/amtest-group.com\/cs\/wp-json\/wp\/v2\/media?parent=196"}],"wp:term":[{"taxonomy":"category","embeddable":true,"href":"https:\/\/amtest-group.com\/cs\/wp-json\/wp\/v2\/categories?post=196"}],"curies":[{"name":"wp","href":"https:\/\/api.w.org\/{rel}","templated":true}]}}