{"id":194,"date":"2023-04-19T11:18:07","date_gmt":"2023-04-19T09:18:07","guid":{"rendered":"https:\/\/amtest.virtus3-projekti.com\/?post_type=product&#038;p=194"},"modified":"2023-05-25T14:25:54","modified_gmt":"2023-05-25T12:25:54","slug":"exelsius","status":"publish","type":"product","link":"https:\/\/amtest-group.com\/cs\/product\/exelsius\/","title":{"rendered":"Exelsius"},"content":{"rendered":"<p><span style=\"font-weight: 400;\">Od roku 1990 spole\u010dnost <\/span><b>Exelsius<\/b><span style=\"font-weight: 400;\"> navrhuje, vyr\u00e1b\u00ed a servisuje za\u0159\u00edzen\u00ed sv\u011btov\u00e9 \u00farovn\u011b pro pr\u016fmysl PCBA od letectv\u00ed a obrany po automobilov\u00e9 a EMS.<\/span><\/p>\n","protected":false},"excerpt":{"rendered":"<p>Od roku 1990 spole\u010dnost Exelsius navrhuje, vyr\u00e1b\u00ed a servisuje za\u0159\u00edzen\u00ed sv\u011btov\u00e9 \u00farovn\u011b pro pr\u016fmysl PCBA od letectv\u00ed a obrany po automobilov\u00e9 a EMS.<\/p>\n","protected":false},"featured_media":0,"parent":0,"menu_order":0,"template":"template-product.php","meta":{"_uf_show_specific_survey":0,"_uf_disable_surveys":false},"categories":[105],"class_list":["post-194","product","type-product","status-publish","hentry","category-aktivace-povrchu-plazmou"],"aioseo_notices":[],"_links":{"self":[{"href":"https:\/\/amtest-group.com\/cs\/wp-json\/wp\/v2\/product\/194","targetHints":{"allow":["GET"]}}],"collection":[{"href":"https:\/\/amtest-group.com\/cs\/wp-json\/wp\/v2\/product"}],"about":[{"href":"https:\/\/amtest-group.com\/cs\/wp-json\/wp\/v2\/types\/product"}],"wp:attachment":[{"href":"https:\/\/amtest-group.com\/cs\/wp-json\/wp\/v2\/media?parent=194"}],"wp:term":[{"taxonomy":"category","embeddable":true,"href":"https:\/\/amtest-group.com\/cs\/wp-json\/wp\/v2\/categories?post=194"}],"curies":[{"name":"wp","href":"https:\/\/api.w.org\/{rel}","templated":true}]}}