{"id":193,"date":"2023-04-19T11:15:52","date_gmt":"2023-04-19T09:15:52","guid":{"rendered":"https:\/\/amtest.virtus3-projekti.com\/?post_type=product&#038;p=193"},"modified":"2023-09-06T12:43:43","modified_gmt":"2023-09-06T10:43:43","slug":"nordson-asymtek","status":"publish","type":"product","link":"https:\/\/amtest-group.com\/cs\/product\/nordson-asymtek\/","title":{"rendered":"Nordson Asymtek"},"content":{"rendered":"<p><b>Nordson ASYMTEK<\/b><span style=\"font-weight: 400;\"> \u2013 zapsan\u00e1 na burzovn\u00edm trhu USA NASDAQ s\u00a0v\u00fdrobn\u00edmi z\u00e1vody v\u00a0USA je sv\u011btov\u00fdm l\u00eddrem v\u00a0oblasti \u0159e\u0161en\u00ed pro selektivn\u00ed lakov\u00e1n\u00ed.<\/span><\/p>\n<p><span style=\"font-weight: 400;\">Jejich \u0161irok\u00e1 nab\u00eddka aplika\u010dn\u00edch ventil\u016f, od film coatov\u00e9ho ventilu SC-280, neatomizovan\u00e9ho nan\u00e1\u0161en\u00ed s\u00a0unik\u00e1tn\u00ed p\u0159esnost\u00ed hrany stopy laku a extr\u00e9mn\u00ed rychlost\u00ed lakovan\u00ed a\u017e po bezkontaktn\u00ed Jet SC-400 pro p\u0159esn\u00e9 mikro nan\u00e1\u0161en\u00ed. To v\u0161e je podporov\u00e1no \u0161irok\u00fdm spektrem prvk\u016f procesn\u00ed kontroly od laserov\u00e9ho m\u011b\u0159en\u00ed \u0161\u00ed\u0159ky stopy, cirkula\u010dn\u00edm oh\u0159evem laku a\u017e po kontrolu polohy d\u00e1vkovac\u00ed jehly u Jet nan\u00e1\u0161en\u00ed.<\/span><\/p>\n","protected":false},"excerpt":{"rendered":"<p>Nordson ASYMTEK \u2013 zapsan\u00e1 na burzovn\u00edm trhu USA NASDAQ s\u00a0v\u00fdrobn\u00edmi z\u00e1vody v\u00a0USA je sv\u011btov\u00fdm l\u00eddrem v\u00a0oblasti \u0159e\u0161en\u00ed pro selektivn\u00ed lakov\u00e1n\u00ed. Jejich \u0161irok\u00e1 nab\u00eddka aplika\u010dn\u00edch ventil\u016f, od film coatov\u00e9ho ventilu SC-280, neatomizovan\u00e9ho nan\u00e1\u0161en\u00ed s\u00a0unik\u00e1tn\u00ed p\u0159esnost\u00ed hrany stopy laku a extr\u00e9mn\u00ed rychlost\u00ed lakovan\u00ed a\u017e po bezkontaktn\u00ed Jet SC-400 pro p\u0159esn\u00e9 mikro nan\u00e1\u0161en\u00ed. To v\u0161e je podporov\u00e1no \u0161irok\u00fdm [&hellip;]<\/p>\n","protected":false},"featured_media":0,"parent":0,"menu_order":0,"template":"template-product.php","meta":{"_uf_show_specific_survey":0,"_uf_disable_surveys":false},"categories":[104],"class_list":["post-193","product","type-product","status-publish","hentry","category-selektivni-lakovani-desek-plosnych-spoju"],"aioseo_notices":[],"_links":{"self":[{"href":"https:\/\/amtest-group.com\/cs\/wp-json\/wp\/v2\/product\/193","targetHints":{"allow":["GET"]}}],"collection":[{"href":"https:\/\/amtest-group.com\/cs\/wp-json\/wp\/v2\/product"}],"about":[{"href":"https:\/\/amtest-group.com\/cs\/wp-json\/wp\/v2\/types\/product"}],"wp:attachment":[{"href":"https:\/\/amtest-group.com\/cs\/wp-json\/wp\/v2\/media?parent=193"}],"wp:term":[{"taxonomy":"category","embeddable":true,"href":"https:\/\/amtest-group.com\/cs\/wp-json\/wp\/v2\/categories?post=193"}],"curies":[{"name":"wp","href":"https:\/\/api.w.org\/{rel}","templated":true}]}}