{"id":12651,"date":"2023-04-19T12:17:49","date_gmt":"2023-04-19T10:17:49","guid":{"rendered":"https:\/\/amtest-group.com\/product\/universal-instruments\/"},"modified":"2024-10-07T11:20:52","modified_gmt":"2024-10-07T09:20:52","slug":"universal-instruments","status":"publish","type":"product","link":"https:\/\/amtest-group.com\/cs\/product\/universal-instruments\/","title":{"rendered":"Universal Instruments"},"content":{"rendered":"<p><strong>Universal Instruments <\/strong>nab\u00edz\u00ed flexibiln\u00ed mont\u00e1\u017en\u00ed za\u0159\u00edzen\u00ed.<\/p>\n<p>Spole\u010dnost m\u00e1 jedine\u010dnou pozici, aby mohla nab\u00eddnout nej\u0161ir\u0161\u00ed \u0161k\u00e1lu pln\u011b integrovan\u00fdch technologi\u00ed v oboru, exkluzivn\u00ed odborn\u00e9 znalosti proces\u016f a celosv\u011btovou s\u00ed\u0165 podpory, kter\u00e1 poskytuje dokonal\u00e9 \u0159e\u0161en\u00ed pro specifick\u00e9 po\u017eadavky.<\/p>\n","protected":false},"excerpt":{"rendered":"<p>Universal Instruments nab\u00edz\u00ed flexibiln\u00ed mont\u00e1\u017en\u00ed za\u0159\u00edzen\u00ed. Spole\u010dnost m\u00e1 jedine\u010dnou pozici, aby mohla nab\u00eddnout nej\u0161ir\u0161\u00ed \u0161k\u00e1lu pln\u011b integrovan\u00fdch technologi\u00ed v oboru, exkluzivn\u00ed odborn\u00e9 znalosti proces\u016f a celosv\u011btovou s\u00ed\u0165 podpory, kter\u00e1 poskytuje dokonal\u00e9 \u0159e\u0161en\u00ed pro specifick\u00e9 po\u017eadavky.<\/p>\n","protected":false},"featured_media":0,"parent":0,"menu_order":0,"template":"template-product.php","meta":{"_uf_show_specific_survey":0,"_uf_disable_surveys":false},"categories":[116],"class_list":["post-12651","product","type-product","status-publish","hentry","category-osazovani-smt-a-vyvodovych-soucastek"],"aioseo_notices":[],"_links":{"self":[{"href":"https:\/\/amtest-group.com\/cs\/wp-json\/wp\/v2\/product\/12651","targetHints":{"allow":["GET"]}}],"collection":[{"href":"https:\/\/amtest-group.com\/cs\/wp-json\/wp\/v2\/product"}],"about":[{"href":"https:\/\/amtest-group.com\/cs\/wp-json\/wp\/v2\/types\/product"}],"wp:attachment":[{"href":"https:\/\/amtest-group.com\/cs\/wp-json\/wp\/v2\/media?parent=12651"}],"wp:term":[{"taxonomy":"category","embeddable":true,"href":"https:\/\/amtest-group.com\/cs\/wp-json\/wp\/v2\/categories?post=12651"}],"curies":[{"name":"wp","href":"https:\/\/api.w.org\/{rel}","templated":true}]}}