{"id":12635,"date":"2023-12-26T12:31:25","date_gmt":"2023-12-26T11:31:25","guid":{"rendered":"https:\/\/amtest-group.com\/product\/fk-delvotec\/"},"modified":"2024-10-07T10:48:32","modified_gmt":"2024-10-07T08:48:32","slug":"fk-delvotec","status":"publish","type":"product","link":"https:\/\/amtest-group.com\/cs\/product\/fk-delvotec\/","title":{"rendered":"F&#038;K Delvotec"},"content":{"rendered":"<p><strong>F&amp;K DELVOTEC<\/strong> je glob\u00e1ln\u011b p\u016fsob\u00edc\u00ed l\u00eddr v oblasti st\u0159edn\u011b velk\u00fdch ultrazvukov\u00fdch a laserov\u00fdch syst\u00e9m\u016f pro kontaktov\u00e1n\u00ed.<\/p>\n<p>F&amp;K DELVOTEC flexibiln\u011b reaguje na po\u017eadavky z\u00e1kazn\u00edk\u016f a realizuje p\u0159izp\u016fsoben\u00e1 automatiza\u010dn\u00ed \u0159e\u0161en\u00ed. Mikroelektronika, mechatronika a procesn\u00ed automatizace tvo\u0159\u00ed z\u00e1klad jejich technologie. F&amp;K DELVOTEC byla zalo\u017eena v roce 1978 a je nyn\u00ed sou\u010d\u00e1st\u00ed spole\u010dnosti Strama-MPS Maschinenbau GmbH &amp; Co. KG, mezin\u00e1rodn\u011b uzn\u00e1van\u00e9ho v\u00fdrobce speci\u00e1ln\u00edch stroj\u016f.<\/p>\n","protected":false},"excerpt":{"rendered":"<p>F&amp;K DELVOTEC je glob\u00e1ln\u011b p\u016fsob\u00edc\u00ed l\u00eddr v oblasti st\u0159edn\u011b velk\u00fdch ultrazvukov\u00fdch a laserov\u00fdch syst\u00e9m\u016f pro kontaktov\u00e1n\u00ed. F&amp;K DELVOTEC flexibiln\u011b reaguje na po\u017eadavky z\u00e1kazn\u00edk\u016f a realizuje p\u0159izp\u016fsoben\u00e1 automatiza\u010dn\u00ed \u0159e\u0161en\u00ed. Mikroelektronika, mechatronika a procesn\u00ed automatizace tvo\u0159\u00ed z\u00e1klad jejich technologie. F&amp;K DELVOTEC byla zalo\u017eena v roce 1978 a je nyn\u00ed sou\u010d\u00e1st\u00ed spole\u010dnosti Strama-MPS Maschinenbau GmbH &amp; Co. KG, [&hellip;]<\/p>\n","protected":false},"featured_media":0,"parent":0,"menu_order":0,"template":"template-product.php","meta":{"_uf_show_specific_survey":0,"_uf_disable_surveys":false},"categories":[279],"class_list":["post-12635","product","type-product","status-publish","hentry","category-wire-bonding-cs"],"aioseo_notices":[],"_links":{"self":[{"href":"https:\/\/amtest-group.com\/cs\/wp-json\/wp\/v2\/product\/12635","targetHints":{"allow":["GET"]}}],"collection":[{"href":"https:\/\/amtest-group.com\/cs\/wp-json\/wp\/v2\/product"}],"about":[{"href":"https:\/\/amtest-group.com\/cs\/wp-json\/wp\/v2\/types\/product"}],"wp:attachment":[{"href":"https:\/\/amtest-group.com\/cs\/wp-json\/wp\/v2\/media?parent=12635"}],"wp:term":[{"taxonomy":"category","embeddable":true,"href":"https:\/\/amtest-group.com\/cs\/wp-json\/wp\/v2\/categories?post=12635"}],"curies":[{"name":"wp","href":"https:\/\/api.w.org\/{rel}","templated":true}]}}