{"id":12631,"date":"2023-04-19T11:17:17","date_gmt":"2023-04-19T09:17:17","guid":{"rendered":"https:\/\/amtest-group.com\/product\/nordson-march\/"},"modified":"2024-10-07T10:41:31","modified_gmt":"2024-10-07T08:41:31","slug":"nordson-march","status":"publish","type":"product","link":"https:\/\/amtest-group.com\/cs\/product\/nordson-march\/","title":{"rendered":"Nordson March"},"content":{"rendered":"<p><strong>Nordson<\/strong>, jako l\u00eddr v oblasti komer\u010dn\u00edch v\u00fdrobn\u00edch technologi\u00ed, poskytuje aplikaci plazmy pro zv\u00fd\u0161en\u00ed adheze a spolehlivosti pouzd\u0159en\u00ed a kontaktov\u00e1n\u00ed. Toto o\u0161et\u0159en\u00ed zaji\u0161\u0165uje bezkonkuren\u010dn\u00ed opakovatelnou vysokou kvalitu procesu a jeho konzistenci.<\/p>\n","protected":false},"excerpt":{"rendered":"<p>Nordson, jako l\u00eddr v oblasti komer\u010dn\u00edch v\u00fdrobn\u00edch technologi\u00ed, poskytuje aplikaci plazmy pro zv\u00fd\u0161en\u00ed adheze a spolehlivosti pouzd\u0159en\u00ed a kontaktov\u00e1n\u00ed. Toto o\u0161et\u0159en\u00ed zaji\u0161\u0165uje bezkonkuren\u010dn\u00ed opakovatelnou vysokou kvalitu procesu a jeho konzistenci.<\/p>\n","protected":false},"featured_media":0,"parent":0,"menu_order":0,"template":"template-product.php","meta":{"_uf_show_specific_survey":0,"_uf_disable_surveys":false},"categories":[105],"class_list":["post-12631","product","type-product","status-publish","hentry","category-aktivace-povrchu-plazmou"],"aioseo_notices":[],"_links":{"self":[{"href":"https:\/\/amtest-group.com\/cs\/wp-json\/wp\/v2\/product\/12631","targetHints":{"allow":["GET"]}}],"collection":[{"href":"https:\/\/amtest-group.com\/cs\/wp-json\/wp\/v2\/product"}],"about":[{"href":"https:\/\/amtest-group.com\/cs\/wp-json\/wp\/v2\/types\/product"}],"wp:attachment":[{"href":"https:\/\/amtest-group.com\/cs\/wp-json\/wp\/v2\/media?parent=12631"}],"wp:term":[{"taxonomy":"category","embeddable":true,"href":"https:\/\/amtest-group.com\/cs\/wp-json\/wp\/v2\/categories?post=12631"}],"curies":[{"name":"wp","href":"https:\/\/api.w.org\/{rel}","templated":true}]}}