{"id":12629,"date":"2024-01-05T15:53:24","date_gmt":"2024-01-05T14:53:24","guid":{"rendered":"https:\/\/amtest-group.com\/product\/universal-instruments-2\/"},"modified":"2024-10-07T10:37:32","modified_gmt":"2024-10-07T08:37:32","slug":"universal-instruments-2","status":"publish","type":"product","link":"https:\/\/amtest-group.com\/cs\/product\/universal-instruments-2\/","title":{"rendered":"Universal Instruments"},"content":{"rendered":"<p><strong>Universal Instruments<\/strong> nab\u00edz\u00ed flexibiln\u00ed osazovac\u00ed automaty.<\/p>\n<p>Spole\u010dnost m\u00e1 jedine\u010dn\u00e9 postaven\u00ed a nab\u00edz\u00ed nej\u0161ir\u0161\u00ed sortiment pln\u011b integrovan\u00fdch technologi\u00ed, odborn\u00e9 znalosti proces\u016f a sv\u011btov\u011b \u0161pi\u010dkovou podp\u016frnou s\u00ed\u0165 pro z\u00e1kazn\u00edky, kter\u00e1 je p\u0159ipravena \u0159e\u0161it\u00a0 nejr\u016fzn\u011bj\u0161\u00ed specifick\u00e9 po\u017eadavky.<\/p>\n","protected":false},"excerpt":{"rendered":"<p>Universal Instruments nab\u00edz\u00ed flexibiln\u00ed osazovac\u00ed automaty. Spole\u010dnost m\u00e1 jedine\u010dn\u00e9 postaven\u00ed a nab\u00edz\u00ed nej\u0161ir\u0161\u00ed sortiment pln\u011b integrovan\u00fdch technologi\u00ed, odborn\u00e9 znalosti proces\u016f a sv\u011btov\u011b \u0161pi\u010dkovou podp\u016frnou s\u00ed\u0165 pro z\u00e1kazn\u00edky, kter\u00e1 je p\u0159ipravena \u0159e\u0161it\u00a0 nejr\u016fzn\u011bj\u0161\u00ed specifick\u00e9 po\u017eadavky.<\/p>\n","protected":false},"featured_media":0,"parent":0,"menu_order":0,"template":"template-product.php","meta":{"_uf_show_specific_survey":0,"_uf_disable_surveys":false},"categories":[113],"class_list":["post-12629","product","type-product","status-publish","hentry","category-osazovaci-automaty"],"aioseo_notices":[],"_links":{"self":[{"href":"https:\/\/amtest-group.com\/cs\/wp-json\/wp\/v2\/product\/12629","targetHints":{"allow":["GET"]}}],"collection":[{"href":"https:\/\/amtest-group.com\/cs\/wp-json\/wp\/v2\/product"}],"about":[{"href":"https:\/\/amtest-group.com\/cs\/wp-json\/wp\/v2\/types\/product"}],"wp:attachment":[{"href":"https:\/\/amtest-group.com\/cs\/wp-json\/wp\/v2\/media?parent=12629"}],"wp:term":[{"taxonomy":"category","embeddable":true,"href":"https:\/\/amtest-group.com\/cs\/wp-json\/wp\/v2\/categories?post=12629"}],"curies":[{"name":"wp","href":"https:\/\/api.w.org\/{rel}","templated":true}]}}