{"id":12624,"date":"2024-09-16T13:30:47","date_gmt":"2024-09-16T11:30:47","guid":{"rendered":"https:\/\/amtest-group.com\/product\/exelsius-3\/"},"modified":"2024-10-07T10:25:53","modified_gmt":"2024-10-07T08:25:53","slug":"exelsius-3","status":"publish","type":"product","link":"https:\/\/amtest-group.com\/cs\/product\/exelsius-3\/","title":{"rendered":"Exelsius"},"content":{"rendered":"<p>Spole\u010dnost<strong> Exelsius <\/strong>je l\u00eddrem v oblasti pokro\u010dil\u00fdch technologi\u00ed vytvrzov\u00e1n\u00ed a nab\u00edz\u00ed \u0159adu vysoce v\u00fdkonn\u00fdch pec\u00ed ur\u010den\u00fdch pro pr\u016fmyslov\u00e9 aplikace.<\/p>\n<p>\u0158ada vytvrzovac\u00edch pec\u00ed <strong>UV-9<\/strong> i <strong>TC<\/strong> je zam\u011b\u0159ena na efektivitu, bezpe\u010dnost a v\u0161estrannost. \u0158ada <strong>UV-9<\/strong> podporuje jak <strong>UV LED<\/strong>, tak <strong>UV ARC<\/strong> technologie, zat\u00edmco pec <strong>TC IR<\/strong> pece se pou\u017e\u00edvaj\u00ed infra\u010derven\u00e9 vytvrzov\u00e1n\u00ed. Tyto modern\u00ed syst\u00e9my jsou p\u0159izp\u016fsobeny rychle se vyv\u00edjej\u00edc\u00edm pot\u0159eb\u00e1m proces\u016f vytvrzovan\u00ed.<\/p>\n","protected":false},"excerpt":{"rendered":"<p>Spole\u010dnost Exelsius je l\u00eddrem v oblasti pokro\u010dil\u00fdch technologi\u00ed vytvrzov\u00e1n\u00ed a nab\u00edz\u00ed \u0159adu vysoce v\u00fdkonn\u00fdch pec\u00ed ur\u010den\u00fdch pro pr\u016fmyslov\u00e9 aplikace. \u0158ada vytvrzovac\u00edch pec\u00ed UV-9 i TC je zam\u011b\u0159ena na efektivitu, bezpe\u010dnost a v\u0161estrannost. \u0158ada UV-9 podporuje jak UV LED, tak UV ARC technologie, zat\u00edmco pec TC IR pece se pou\u017e\u00edvaj\u00ed infra\u010derven\u00e9 vytvrzov\u00e1n\u00ed. Tyto modern\u00ed syst\u00e9my jsou [&hellip;]<\/p>\n","protected":false},"featured_media":0,"parent":0,"menu_order":0,"template":"template-product.php","meta":{"_uf_show_specific_survey":0,"_uf_disable_surveys":false},"categories":[277],"class_list":["post-12624","product","type-product","status-publish","hentry","category-vytvrzovaci-pece"],"aioseo_notices":[],"_links":{"self":[{"href":"https:\/\/amtest-group.com\/cs\/wp-json\/wp\/v2\/product\/12624","targetHints":{"allow":["GET"]}}],"collection":[{"href":"https:\/\/amtest-group.com\/cs\/wp-json\/wp\/v2\/product"}],"about":[{"href":"https:\/\/amtest-group.com\/cs\/wp-json\/wp\/v2\/types\/product"}],"wp:attachment":[{"href":"https:\/\/amtest-group.com\/cs\/wp-json\/wp\/v2\/media?parent=12624"}],"wp:term":[{"taxonomy":"category","embeddable":true,"href":"https:\/\/amtest-group.com\/cs\/wp-json\/wp\/v2\/categories?post=12624"}],"curies":[{"name":"wp","href":"https:\/\/api.w.org\/{rel}","templated":true}]}}