{"id":12622,"date":"2024-01-05T14:07:14","date_gmt":"2024-01-05T13:07:14","guid":{"rendered":"https:\/\/amtest-group.com\/product\/i-c-t\/"},"modified":"2024-10-07T10:18:48","modified_gmt":"2024-10-07T08:18:48","slug":"i-c-t","status":"publish","type":"product","link":"https:\/\/amtest-group.com\/cs\/product\/i-c-t\/","title":{"rendered":"I.C.T"},"content":{"rendered":"<p><strong>InterContinental Technology (I.C.T)<\/strong> se b\u011bhem posledn\u00edch dvou desetilet\u00ed stala p\u0159edn\u00edm glob\u00e1ln\u00edm poskytovatelem inteligentn\u00edch za\u0159\u00edzen\u00ed.<\/p>\n<p>Se silnou 25letou p\u0159\u00edtomnost\u00ed v odv\u011btv\u00ed technologie povrchov\u00e9 mont\u00e1\u017ee (SMT) je I.C.T kl\u00ed\u010dov\u00fdm hr\u00e1\u010dem v poskytov\u00e1n\u00ed odborn\u00fdch \u0159e\u0161en\u00ed pro tov\u00e1rny SMT.<\/p>\n","protected":false},"excerpt":{"rendered":"<p>InterContinental Technology (I.C.T) se b\u011bhem posledn\u00edch dvou desetilet\u00ed stala p\u0159edn\u00edm glob\u00e1ln\u00edm poskytovatelem inteligentn\u00edch za\u0159\u00edzen\u00ed. Se silnou 25letou p\u0159\u00edtomnost\u00ed v odv\u011btv\u00ed technologie povrchov\u00e9 mont\u00e1\u017ee (SMT) je I.C.T kl\u00ed\u010dov\u00fdm hr\u00e1\u010dem v poskytov\u00e1n\u00ed odborn\u00fdch \u0159e\u0161en\u00ed pro tov\u00e1rny SMT.<\/p>\n","protected":false},"featured_media":0,"parent":0,"menu_order":0,"template":"template-product.php","meta":{"_uf_show_specific_survey":0,"_uf_disable_surveys":false},"categories":[115],"class_list":["post-12622","product","type-product","status-publish","hentry","category-pretavovaci-pece"],"aioseo_notices":[],"_links":{"self":[{"href":"https:\/\/amtest-group.com\/cs\/wp-json\/wp\/v2\/product\/12622","targetHints":{"allow":["GET"]}}],"collection":[{"href":"https:\/\/amtest-group.com\/cs\/wp-json\/wp\/v2\/product"}],"about":[{"href":"https:\/\/amtest-group.com\/cs\/wp-json\/wp\/v2\/types\/product"}],"wp:attachment":[{"href":"https:\/\/amtest-group.com\/cs\/wp-json\/wp\/v2\/media?parent=12622"}],"wp:term":[{"taxonomy":"category","embeddable":true,"href":"https:\/\/amtest-group.com\/cs\/wp-json\/wp\/v2\/categories?post=12622"}],"curies":[{"name":"wp","href":"https:\/\/api.w.org\/{rel}","templated":true}]}}