{"id":12620,"date":"2023-04-19T11:10:51","date_gmt":"2023-04-19T09:10:51","guid":{"rendered":"https:\/\/amtest-group.com\/product\/mstech-3\/"},"modified":"2024-10-07T10:14:49","modified_gmt":"2024-10-07T08:14:49","slug":"mstech-3","status":"publish","type":"product","link":"https:\/\/amtest-group.com\/cs\/product\/mstech-3\/","title":{"rendered":"MSTech"},"content":{"rendered":"<p>Spole\u010dnost<strong> MSTECH <\/strong>byla, zalo\u017een\u00e1 v roce 1996 a m\u00e1 v\u00edce ne\u017e 20 let zku\u0161enost\u00ed s poskytov\u00e1n\u00edm automatiza\u010dn\u00edch \u0159e\u0161en\u00ed pro elektronick\u00fd pr\u016fmysl, specializuj\u00edc\u00ed se na depanelizaci.<\/p>\n<p>V pr\u016fb\u011bhu let se etablovala jako dodavatel i pro dal\u0161\u00ed oblasti v\u00fdroby eletroniky, jako jsou spot\u0159ebn\u00ed elektronika, mobiln\u00ed telefony a automobilov\u00fd pr\u016fmysl, \u010d\u00edm\u017e p\u0159ekonala po\u017eadavky i t\u011bch nejp\u0159\u00edsn\u011bj\u0161\u00edch standard\u016f p\u0159edn\u00edch spole\u010dnost\u00ed.<\/p>\n","protected":false},"excerpt":{"rendered":"<p>Spole\u010dnost MSTECH byla, zalo\u017een\u00e1 v roce 1996 a m\u00e1 v\u00edce ne\u017e 20 let zku\u0161enost\u00ed s poskytov\u00e1n\u00edm automatiza\u010dn\u00edch \u0159e\u0161en\u00ed pro elektronick\u00fd pr\u016fmysl, specializuj\u00edc\u00ed se na depanelizaci. V pr\u016fb\u011bhu let se etablovala jako dodavatel i pro dal\u0161\u00ed oblasti v\u00fdroby eletroniky, jako jsou spot\u0159ebn\u00ed elektronika, mobiln\u00ed telefony a automobilov\u00fd pr\u016fmysl, \u010d\u00edm\u017e p\u0159ekonala po\u017eadavky i t\u011bch nejp\u0159\u00edsn\u011bj\u0161\u00edch standard\u016f p\u0159edn\u00edch [&hellip;]<\/p>\n","protected":false},"featured_media":0,"parent":0,"menu_order":0,"template":"template-product.php","meta":{"_uf_show_specific_survey":0,"_uf_disable_surveys":false},"categories":[106],"class_list":["post-12620","product","type-product","status-publish","hentry","category-automaticka-opticka-inspekce-naneseneho-filmu-laku"],"aioseo_notices":[],"_links":{"self":[{"href":"https:\/\/amtest-group.com\/cs\/wp-json\/wp\/v2\/product\/12620","targetHints":{"allow":["GET"]}}],"collection":[{"href":"https:\/\/amtest-group.com\/cs\/wp-json\/wp\/v2\/product"}],"about":[{"href":"https:\/\/amtest-group.com\/cs\/wp-json\/wp\/v2\/types\/product"}],"wp:attachment":[{"href":"https:\/\/amtest-group.com\/cs\/wp-json\/wp\/v2\/media?parent=12620"}],"wp:term":[{"taxonomy":"category","embeddable":true,"href":"https:\/\/amtest-group.com\/cs\/wp-json\/wp\/v2\/categories?post=12620"}],"curies":[{"name":"wp","href":"https:\/\/api.w.org\/{rel}","templated":true}]}}