{"id":357,"date":"2023-03-24T08:35:10","date_gmt":"2023-03-24T07:35:10","guid":{"rendered":"https:\/\/amtest.virtus3-projekti.com\/contact\/"},"modified":"2025-02-07T16:34:33","modified_gmt":"2025-02-07T15:34:33","slug":"contact","status":"publish","type":"page","link":"https:\/\/amtest-group.com\/cs\/contact\/","title":{"rendered":"Kontakt"},"content":{"rendered":"<p>R\u00e1di bychom od v\u00e1s sly\u0161eli! Chcete-li n\u00e1s kontaktovat, vypl\u0148te pros\u00edm n\u00ed\u017ee uveden\u00fd formul\u00e1\u0159.<\/p>\n","protected":false},"excerpt":{"rendered":"<p>R\u00e1di bychom od v\u00e1s sly\u0161eli! Chcete-li n\u00e1s kontaktovat, vypl\u0148te pros\u00edm n\u00ed\u017ee uveden\u00fd formul\u00e1\u0159.<\/p>\n","protected":false},"author":1,"featured_media":1180,"parent":0,"menu_order":0,"comment_status":"closed","ping_status":"closed","template":"template-contact.php","meta":{"_uf_show_specific_survey":0,"_uf_disable_surveys":false,"footnotes":""},"class_list":["post-357","page","type-page","status-publish","has-post-thumbnail","hentry"],"aioseo_notices":[],"_links":{"self":[{"href":"https:\/\/amtest-group.com\/cs\/wp-json\/wp\/v2\/pages\/357","targetHints":{"allow":["GET"]}}],"collection":[{"href":"https:\/\/amtest-group.com\/cs\/wp-json\/wp\/v2\/pages"}],"about":[{"href":"https:\/\/amtest-group.com\/cs\/wp-json\/wp\/v2\/types\/page"}],"author":[{"embeddable":true,"href":"https:\/\/amtest-group.com\/cs\/wp-json\/wp\/v2\/users\/1"}],"replies":[{"embeddable":true,"href":"https:\/\/amtest-group.com\/cs\/wp-json\/wp\/v2\/comments?post=357"}],"version-history":[{"count":7,"href":"https:\/\/amtest-group.com\/cs\/wp-json\/wp\/v2\/pages\/357\/revisions"}],"predecessor-version":[{"id":16795,"href":"https:\/\/amtest-group.com\/cs\/wp-json\/wp\/v2\/pages\/357\/revisions\/16795"}],"wp:featuredmedia":[{"embeddable":true,"href":"https:\/\/amtest-group.com\/cs\/wp-json\/wp\/v2\/media\/1180"}],"wp:attachment":[{"href":"https:\/\/amtest-group.com\/cs\/wp-json\/wp\/v2\/media?parent=357"}],"curies":[{"name":"wp","href":"https:\/\/api.w.org\/{rel}","templated":true}]}}